{"id":1008,"date":"2026-02-13T21:43:15","date_gmt":"2026-02-13T21:43:15","guid":{"rendered":"https:\/\/bmacademy.hu\/?page_id=1008"},"modified":"2026-02-22T15:24:14","modified_gmt":"2026-02-22T15:24:14","slug":"asian-style-course","status":"publish","type":"page","link":"https:\/\/bmacademy.hu\/index.php\/asian-style-course\/","title":{"rendered":"Asian Style Course"},"content":{"rendered":"\t\t<div data-elementor-type=\"wp-page\" data-elementor-id=\"1008\" class=\"elementor elementor-1008\">\n\t\t\t\t<div class=\"elementor-element elementor-element-94f4f09 e-con-full e-flex elementor-invisible e-con e-parent\" data-id=\"94f4f09\" data-element_type=\"container\" data-settings=\"{&quot;background_background&quot;:&quot;classic&quot;,&quot;animation&quot;:&quot;bounceIn&quot;}\">\n\t\t<div class=\"elementor-element elementor-element-651c5de e-con-full e-flex e-con e-child\" data-id=\"651c5de\" data-element_type=\"container\">\n\t\t<div class=\"elementor-element elementor-element-44de3a3 e-con-full e-flex e-con e-child\" data-id=\"44de3a3\" data-element_type=\"container\" data-settings=\"{&quot;background_background&quot;:&quot;classic&quot;}\">\n\t\t\t\t<div class=\"elementor-element elementor-element-ac7c887 elementor-widget__width-initial elementor-widget-mobile__width-inherit elementor-invisible elementor-widget elementor-widget-heading\" data-id=\"ac7c887\" data-element_type=\"widget\" data-settings=\"{&quot;_animation&quot;:&quot;zoomIn&quot;}\" data-widget_type=\"heading.default\">\n\t\t\t\t\t<h2 class=\"elementor-heading-title elementor-size-default\">ASIAN STYLE COURSE<\/h2>\t\t\t\t<\/div>\n\t\t\t\t<\/div>\n\t\t\t\t<\/div>\n\t\t\t\t<\/div>\n\t\t<div class=\"elementor-element elementor-element-262b563 e-flex e-con-boxed e-con e-parent\" data-id=\"262b563\" data-element_type=\"container\">\n\t\t\t\t\t<div class=\"e-con-inner\">\n\t\t<div class=\"elementor-element elementor-element-744e975 e-con-full e-flex elementor-invisible e-con e-child\" data-id=\"744e975\" data-element_type=\"container\" data-settings=\"{&quot;animation&quot;:&quot;bounceIn&quot;}\">\n\t\t<div class=\"elementor-element elementor-element-f644d4f e-con-full e-flex e-con e-child\" data-id=\"f644d4f\" data-element_type=\"container\">\n\t\t\t\t<div class=\"elementor-element elementor-element-e2f074b elementor-invisible elementor-widget elementor-widget-heading\" data-id=\"e2f074b\" data-element_type=\"widget\" data-settings=\"{&quot;_animation&quot;:&quot;zoomIn&quot;}\" data-widget_type=\"heading.default\">\n\t\t\t\t\t<h2 class=\"elementor-heading-title elementor-size-default\">ASIAN STYLE csoportos kurzus max 2-6 f\u0151 \n\nid\u0151tartam: 4 nap<\/h2>\t\t\t\t<\/div>\n\t\t\t\t<\/div>\n\t\t\t\t<div class=\"elementor-element elementor-element-48cffac elementor-invisible elementor-widget elementor-widget-text-editor\" data-id=\"48cffac\" data-element_type=\"widget\" data-settings=\"{&quot;_animation&quot;:&quot;zoomIn&quot;}\" data-widget_type=\"text-editor.default\">\n\t\t\t\t\t\t\t\t\t<p>1. nap elm\u00e9let, fejform\u00e1k modell kutya fejen t\u00fck\u00f6rm\u00f3dszerrel\u00a0<\/p><p>2. nap elm\u00e9let, eg\u00e9sz kutya ny\u00edr\u00e1sa modell kuty\u00e1n t\u00fck\u00f6rm\u00f3dszerrel\u00a0<\/p><p>3. nap Asian style uszk\u00e1ron<\/p><p>4. nap Asian style Yorkshire\/ biewer terrieren<\/p>\t\t\t\t\t\t\t\t<\/div>\n\t\t\t\t<div class=\"elementor-element elementor-element-6322529 elementor-invisible elementor-widget elementor-widget-text-editor\" data-id=\"6322529\" data-element_type=\"widget\" data-settings=\"{&quot;_animation&quot;:&quot;zoomIn&quot;}\" data-widget_type=\"text-editor.default\">\n\t\t\t\t\t\t\t\t\t<p><em>Elm\u00e9let + gyakorlat A workshop bemutat\u00f3val \u00e9s gyakorlati oktat\u00e1ssal zajlik<\/em><\/p>\t\t\t\t\t\t\t\t<\/div>\n\t\t\t\t<div class=\"elementor-element elementor-element-bc4bfc6 elementor-invisible elementor-widget elementor-widget-heading\" data-id=\"bc4bfc6\" data-element_type=\"widget\" data-settings=\"{&quot;_animation&quot;:&quot;zoomIn&quot;}\" data-widget_type=\"heading.default\">\n\t\t\t\t\t<h2 class=\"elementor-heading-title elementor-size-default\">ASIAN STYLE priv\u00e1t kurzus 1 f\u0151\/4 nap <\/h2>\t\t\t\t<\/div>\n\t\t\t\t<div class=\"elementor-element elementor-element-7d9a93f elementor-invisible elementor-widget elementor-widget-text-editor\" data-id=\"7d9a93f\" data-element_type=\"widget\" data-settings=\"{&quot;_animation&quot;:&quot;zoomIn&quot;}\" data-widget_type=\"text-editor.default\">\n\t\t\t\t\t\t\t\t\t<p>ASIAN STYLE kurzus\u00a0<\/p><p>(1 napos)<\/p><p>saj\u00e1t kuty\u00e1val( k\u00e9r\u00e9sre biztos\u00edtunk modellt)<\/p><p><strong>Oktat\u00f3: Megyesi Beatrix<\/strong><\/p>\t\t\t\t\t\t\t\t<\/div>\n\t\t\t\t<\/div>\n\t\t<div class=\"elementor-element elementor-element-00e13b5 e-con-full e-flex elementor-invisible e-con e-child\" data-id=\"00e13b5\" data-element_type=\"container\" data-settings=\"{&quot;animation&quot;:&quot;bounceIn&quot;}\">\n\t\t\t\t<div class=\"elementor-element elementor-element-26715d4 elementor-invisible elementor-widget elementor-widget-image\" data-id=\"26715d4\" data-element_type=\"widget\" data-settings=\"{&quot;_animation&quot;:&quot;bounceIn&quot;}\" data-widget_type=\"image.default\">\n\t\t\t\t\t\t\t\t\t\t\t\t\t\t\t<img decoding=\"async\" src=\"https:\/\/bmacademy.hu\/wp-content\/uploads\/elementor\/thumbs\/71f565a3-14a5-4d02-9dcc-8c9c74a0363e-e1771018395467-rj4225ltlp8prklz7iow28vpeka6tl3m8sqi3aqox6.jpg\" title=\"71f565a3-14a5-4d02-9dcc-8c9c74a0363e\" alt=\"71f565a3-14a5-4d02-9dcc-8c9c74a0363e\" loading=\"lazy\" \/>\t\t\t\t\t\t\t\t\t\t\t\t\t\t\t<\/div>\n\t\t\t\t<\/div>\n\t\t\t\t\t<\/div>\n\t\t\t\t<\/div>\n\t\t<div class=\"elementor-element elementor-element-4539d6a e-flex e-con-boxed e-con e-parent\" data-id=\"4539d6a\" data-element_type=\"container\" data-settings=\"{&quot;background_background&quot;:&quot;classic&quot;}\">\n\t\t\t\t\t<div class=\"e-con-inner\">\n\t\t<div class=\"elementor-element elementor-element-ee87d5e e-con-full e-flex e-con e-child\" data-id=\"ee87d5e\" data-element_type=\"container\">\n\t\t\t\t<div class=\"elementor-element elementor-element-0508e22 elementor-invisible elementor-widget elementor-widget-heading\" data-id=\"0508e22\" data-element_type=\"widget\" data-settings=\"{&quot;_animation&quot;:&quot;zoomIn&quot;}\" data-widget_type=\"heading.default\">\n\t\t\t\t\t<h2 class=\"elementor-heading-title elementor-size-default\">Jelentkezz kurzusainkra!<\/h2>\t\t\t\t<\/div>\n\t\t\t\t<div class=\"elementor-element elementor-element-44cc117 elementor-widget__width-initial elementor-widget-mobile__width-initial elementor-invisible elementor-widget elementor-widget-shortcode\" data-id=\"44cc117\" data-element_type=\"widget\" data-settings=\"{&quot;_animation&quot;:&quot;zoomIn&quot;}\" data-widget_type=\"shortcode.default\">\n\t\t\t\t\t\t\t<div class=\"elementor-shortcode\"><div class=\"forminator-ui forminator-custom-form forminator-custom-form-572 forminator-design--default  forminator_ajax\" data-forminator-render=\"0\" data-form=\"forminator-module-572\" data-uid=\"6a08772abe948\"><br\/><\/div><form\n\t\t\t\tid=\"forminator-module-572\"\n\t\t\t\tclass=\"forminator-ui forminator-custom-form forminator-custom-form-572 forminator-design--default  forminator_ajax\"\n\t\t\t\tmethod=\"post\"\n\t\t\t\tdata-forminator-render=\"0\"\n\t\t\t\tdata-form-id=\"572\"\n\t\t\t\t data-color-option=\"theme\" data-design=\"default\" data-grid=\"open\" style=\"display: none;\"\n\t\t\t\tdata-uid=\"6a08772abe948\"\n\t\t\t><div role=\"alert\" aria-live=\"polite\" class=\"forminator-response-message forminator-error\" aria-hidden=\"true\"><\/div><div class=\"forminator-row\"><div id=\"name-1\" class=\"forminator-field-name forminator-col forminator-col-12 \"><div class=\"forminator-field\"><label for=\"forminator-field-name-1_6a08772abe948\" id=\"forminator-field-name-1_6a08772abe948-label\" class=\"forminator-label\">N\u00e9v <span class=\"forminator-required\">*<\/span><\/label><input type=\"text\" name=\"name-1\" value=\"\" placeholder=\"\" id=\"forminator-field-name-1_6a08772abe948\" class=\"forminator-input forminator-name--field\" aria-required=\"true\" autocomplete=\"name\" \/><\/div><\/div><\/div><div class=\"forminator-row\"><div id=\"email-1\" class=\"forminator-field-email forminator-col forminator-col-12 \"><div class=\"forminator-field\"><label for=\"forminator-field-email-1_6a08772abe948\" id=\"forminator-field-email-1_6a08772abe948-label\" class=\"forminator-label\">Email c\u00edm <span class=\"forminator-required\">*<\/span><\/label><input type=\"email\" name=\"email-1\" value=\"\" placeholder=\"\" id=\"forminator-field-email-1_6a08772abe948\" class=\"forminator-input forminator-email--field\" data-required=\"true\" aria-required=\"true\" autocomplete=\"email\" \/><\/div><\/div><\/div><div class=\"forminator-row\"><div id=\"select-1\" class=\"forminator-field-select forminator-col forminator-col-12 \"><div class=\"forminator-field\"><label for=\"forminator-form-572__field--select-1_6a08772abe948\" id=\"forminator-form-572__field--select-1_6a08772abe948-label\" class=\"forminator-label\">Kurzusok <span class=\"forminator-required\">*<\/span><\/label><select  id=\"forminator-form-572__field--select-1_6a08772abe948\" class=\"forminator-select--field forminator-select2 forminator-select2-multiple\" data-required=\"1\" name=\"select-1\" data-default-value=\"\" data-hidden-behavior=\"zero\" data-placeholder=\"V\u00e1lassz a kurzusaink k\u00f6z\u00fcl!\" data-search=\"false\" data-search-placeholder=\"V\u00e1lassz a kurzusaink k\u00f6z\u00fcl!\" data-checkbox=\"false\" data-allow-clear=\"false\" aria-labelledby=\"forminator-form-572__field--select-1_6a08772abe948-label\"><option value=\"\"  >V\u00e1lassz a kurzusaink k\u00f6z\u00fcl!<\/option><option value=\"one\"  data-calculation=\"0\">Pomeranian Grooming Coursse<\/option><option value=\"two\"  data-calculation=\"0\">Poodle Show Grooming Course<\/option><option value=\"Asian-Style-Course\"  data-calculation=\"0\">Asian Style Course<\/option><option value=\"Model-Dog-Course\"  data-calculation=\"0\">Model Dog Course<\/option><option value=\"Creative-Coloring-Course\"  data-calculation=\"0\">Creative Coloring Course<\/option><option value=\"14-napos-kutyakozmetikus\"  data-calculation=\"0\">14 napos kutyakozmetikus k\u00e9pz\u00e9s<\/option><option value=\"Luxus-Dog-Spa\"  data-calculation=\"0\">Luxus Dog Spa Course<\/option><option value=\"Kutyakozmetikus-Asszisztens\"  data-calculation=\"0\">Kutyakozmetikus asszisztens<\/option><\/select><\/div><\/div><\/div><div class=\"forminator-row\"><div id=\"phone-1\" class=\"forminator-field-phone forminator-col forminator-col-12 \"><div class=\"forminator-field\"><label for=\"forminator-field-phone-1_6a08772abe948\" id=\"forminator-field-phone-1_6a08772abe948-label\" class=\"forminator-label\">Telefonsz\u00e1m <span class=\"forminator-required\">*<\/span><\/label><input type=\"text\" name=\"phone-1\" value=\"\" placeholder=\"\" id=\"forminator-field-phone-1_6a08772abe948\" class=\"forminator-input forminator-field--phone\" data-required=\"1\" aria-required=\"true\" autocomplete=\"off\" \/><\/div><\/div><\/div><div class=\"forminator-row\"><div id=\"consent-1\" class=\"forminator-field-consent forminator-col forminator-col-12 \"><div class=\"forminator-field\"><label for=\"forminator-field-consent-1_6a08772abe948\" id=\"forminator-field-consent-1_6a08772abe948-label\" class=\"forminator-label\">\u00c9rdekel a k\u00e9pz\u00e9s, szeretn\u00e9k t\u00f6bb r\u00e9szletet megtudni. <span class=\"forminator-required\">*<\/span><\/label><div class=\"forminator-checkbox__wrapper\"><label id=\"forminator-field-consent-1_6a08772abe948__label\" class=\"forminator-checkbox forminator-consent\" aria-labelledby=\"forminator-field-consent-1_6a08772abe948-label\"><input type=\"checkbox\" name=\"consent-1\" id=\"forminator-field-consent-1_6a08772abe948\" value=\"checked\" aria-labelledby=\"forminator-field-consent-1_6a08772abe948-label\" data-required=\"true\" aria-required=\"true\" \/><span class=\"forminator-checkbox-box\" aria-hidden=\"true\"><\/span><\/label><div id=\"forminator-field-consent-1_6a08772abe948__description\" class=\"forminator-checkbox__label forminator-consent__label\"><\/div><\/div><\/div><\/div><\/div><input type=\"hidden\" name=\"referer_url\" value=\"\" \/><div class=\"forminator-row forminator-row-last\"><div class=\"forminator-col\"><div class=\"forminator-field\"><button class=\"forminator-button forminator-button-submit\">K&uuml;ld&eacute;s<\/button><\/div><\/div><\/div><input type=\"hidden\" id=\"forminator_nonce\" name=\"forminator_nonce\" value=\"29da4e7343\" \/><input type=\"hidden\" name=\"_wp_http_referer\" value=\"\/index.php\/wp-json\/wp\/v2\/pages\/1008\" \/><input type=\"hidden\" name=\"form_id\" value=\"572\"><input type=\"hidden\" name=\"page_id\" value=\"1008\"><input type=\"hidden\" name=\"form_type\" value=\"default\"><input type=\"hidden\" name=\"current_url\" value=\"https:\/\/bmacademy.hu\/index.php\/asian-style-course\/\"><input type=\"hidden\" name=\"render_id\" value=\"0\"><input type=\"hidden\" name=\"action\" value=\"forminator_submit_form_custom-forms\"><\/form><\/div>\n\t\t\t\t\t\t<\/div>\n\t\t\t\t<\/div>\n\t\t<div class=\"elementor-element elementor-element-e5b6d74 e-con-full e-flex e-con e-child\" data-id=\"e5b6d74\" data-element_type=\"container\">\n\t\t<div class=\"elementor-element elementor-element-bb03745 e-con-full e-flex elementor-invisible e-con e-child\" data-id=\"bb03745\" data-element_type=\"container\" data-settings=\"{&quot;animation&quot;:&quot;zoomIn&quot;}\">\n\t\t<div class=\"elementor-element elementor-element-97d155b e-con-full e-flex e-con e-child\" data-id=\"97d155b\" data-element_type=\"container\" data-settings=\"{&quot;background_background&quot;:&quot;classic&quot;}\">\n\t\t<div class=\"elementor-element elementor-element-069c6c4 e-con-full e-flex e-con e-child\" data-id=\"069c6c4\" data-element_type=\"container\">\n\t\t\t\t<div class=\"elementor-element elementor-element-7bc3e60 elementor-widget elementor-widget-image\" data-id=\"7bc3e60\" data-element_type=\"widget\" data-widget_type=\"image.default\">\n\t\t\t\t\t\t\t\t\t\t\t\t\t\t\t<img fetchpriority=\"high\" decoding=\"async\" width=\"1024\" height=\"683\" src=\"https:\/\/bmacademy.hu\/wp-content\/uploads\/2026\/02\/Nevtelen-terv-5-1024x683.png\" class=\"attachment-large size-large wp-image-525\" alt=\"\" srcset=\"https:\/\/bmacademy.hu\/wp-content\/uploads\/2026\/02\/Nevtelen-terv-5-1024x683.png 1024w, https:\/\/bmacademy.hu\/wp-content\/uploads\/2026\/02\/Nevtelen-terv-5-300x200.png 300w, https:\/\/bmacademy.hu\/wp-content\/uploads\/2026\/02\/Nevtelen-terv-5-768x512.png 768w, https:\/\/bmacademy.hu\/wp-content\/uploads\/2026\/02\/Nevtelen-terv-5.png 1536w\" sizes=\"(max-width: 1024px) 100vw, 1024px\" \/>\t\t\t\t\t\t\t\t\t\t\t\t\t\t\t<\/div>\n\t\t\t\t<div class=\"elementor-element elementor-element-4ddbcba elementor-widget elementor-widget-heading\" data-id=\"4ddbcba\" data-element_type=\"widget\" data-widget_type=\"heading.default\">\n\t\t\t\t\t<h2 class=\"elementor-heading-title elementor-size-default\">Tov\u00e1bbi kurzusaink<\/h2>\t\t\t\t<\/div>\n\t\t\t\t<div class=\"elementor-element elementor-element-873f66a elementor-align-center elementor-widget elementor-widget-button\" data-id=\"873f66a\" data-element_type=\"widget\" data-widget_type=\"button.default\">\n\t\t\t\t\t\t\t\t\t\t<a class=\"elementor-button elementor-button-link elementor-size-sm\" href=\"https:\/\/bmacademy.hu\/index.php\/kurzusaink\/\">\n\t\t\t\t\t\t<span class=\"elementor-button-content-wrapper\">\n\t\t\t\t\t\t\t\t\t<span class=\"elementor-button-text\">Kurzusok megtekint\u00e9se<\/span>\n\t\t\t\t\t<\/span>\n\t\t\t\t\t<\/a>\n\t\t\t\t\t\t\t\t<\/div>\n\t\t\t\t<\/div>\n\t\t\t\t<\/div>\n\t\t\t\t<\/div>\n\t\t\t\t<\/div>\n\t\t\t\t\t<\/div>\n\t\t\t\t<\/div>\n\t\t\t\t<\/div>\n\t\t","protected":false},"excerpt":{"rendered":"<p>ASIAN STYLE COURSE ASIAN STYLE csoportos kurzus max 2-6 f\u0151 id\u0151tartam: 4 nap 1. nap elm\u00e9let, fejform\u00e1k modell kutya fejen [&hellip;]<\/p>\n","protected":false},"author":1,"featured_media":0,"parent":0,"menu_order":0,"comment_status":"closed","ping_status":"closed","template":"","meta":{"site-sidebar-layout":"no-sidebar","site-content-layout":"","ast-site-content-layout":"full-width-container","site-content-style":"default","site-sidebar-style":"default","ast-global-header-display":"","ast-banner-title-visibility":"","ast-main-header-display":"","ast-hfb-above-header-display":"","ast-hfb-below-header-display":"","ast-hfb-mobile-header-display":"","site-post-title":"disabled","ast-breadcrumbs-content":"","ast-featured-img":"disabled","footer-sml-layout":"","ast-disable-related-posts":"","theme-transparent-header-meta":"","adv-header-id-meta":"","stick-header-meta":"","header-above-stick-meta":"","header-main-stick-meta":"","header-below-stick-meta":"","astra-migrate-meta-layouts":"default","ast-page-background-enabled":"default","ast-page-background-meta":{"desktop":{"background-color":"var(--ast-global-color-5)","background-image":"","background-repeat":"repeat","background-position":"center center","background-size":"auto","background-attachment":"scroll","background-type":"","background-media":"","overlay-type":"","overlay-color":"","overlay-opacity":"","overlay-gradient":""},"tablet":{"background-color":"","background-image":"","background-repeat":"repeat","background-position":"center center","background-size":"auto","background-attachment":"scroll","background-type":"","background-media":"","overlay-type":"","overlay-color":"","overlay-opacity":"","overlay-gradient":""},"mobile":{"background-color":"","background-image":"","background-repeat":"repeat","background-position":"center center","background-size":"auto","background-attachment":"scroll","background-type":"","background-media":"","overlay-type":"","overlay-color":"","overlay-opacity":"","overlay-gradient":""}},"ast-content-background-meta":{"desktop":{"background-color":"var(--ast-global-color-4)","background-image":"","background-repeat":"repeat","background-position":"center center","background-size":"auto","background-attachment":"scroll","background-type":"","background-media":"","overlay-type":"","overlay-color":"","overlay-opacity":"","overlay-gradient":""},"tablet":{"background-color":"var(--ast-global-color-4)","background-image":"","background-repeat":"repeat","background-position":"center center","background-size":"auto","background-attachment":"scroll","background-type":"","background-media":"","overlay-type":"","overlay-color":"","overlay-opacity":"","overlay-gradient":""},"mobile":{"background-color":"var(--ast-global-color-4)","background-image":"","background-repeat":"repeat","background-position":"center center","background-size":"auto","background-attachment":"scroll","background-type":"","background-media":"","overlay-type":"","overlay-color":"","overlay-opacity":"","overlay-gradient":""}},"footnotes":""},"class_list":["post-1008","page","type-page","status-publish","hentry"],"_links":{"self":[{"href":"https:\/\/bmacademy.hu\/index.php\/wp-json\/wp\/v2\/pages\/1008","targetHints":{"allow":["GET"]}}],"collection":[{"href":"https:\/\/bmacademy.hu\/index.php\/wp-json\/wp\/v2\/pages"}],"about":[{"href":"https:\/\/bmacademy.hu\/index.php\/wp-json\/wp\/v2\/types\/page"}],"author":[{"embeddable":true,"href":"https:\/\/bmacademy.hu\/index.php\/wp-json\/wp\/v2\/users\/1"}],"replies":[{"embeddable":true,"href":"https:\/\/bmacademy.hu\/index.php\/wp-json\/wp\/v2\/comments?post=1008"}],"version-history":[{"count":13,"href":"https:\/\/bmacademy.hu\/index.php\/wp-json\/wp\/v2\/pages\/1008\/revisions"}],"predecessor-version":[{"id":1201,"href":"https:\/\/bmacademy.hu\/index.php\/wp-json\/wp\/v2\/pages\/1008\/revisions\/1201"}],"wp:attachment":[{"href":"https:\/\/bmacademy.hu\/index.php\/wp-json\/wp\/v2\/media?parent=1008"}],"curies":[{"name":"wp","href":"https:\/\/api.w.org\/{rel}","templated":true}]}}