{"id":1075,"date":"2026-02-20T10:13:20","date_gmt":"2026-02-20T10:13:20","guid":{"rendered":"https:\/\/bmacademy.hu\/?page_id=1075"},"modified":"2026-02-22T15:06:02","modified_gmt":"2026-02-22T15:06:02","slug":"kutyakozmetikus-asszisztens-kurzus","status":"publish","type":"page","link":"https:\/\/bmacademy.hu\/index.php\/kutyakozmetikus-asszisztens-kurzus\/","title":{"rendered":"Kutyakozmetikus asszisztens kurzus"},"content":{"rendered":"\t\t<div data-elementor-type=\"wp-page\" data-elementor-id=\"1075\" class=\"elementor elementor-1075\">\n\t\t\t\t<div class=\"elementor-element elementor-element-94f4f09 e-con-full e-flex elementor-invisible e-con e-parent\" data-id=\"94f4f09\" data-element_type=\"container\" data-settings=\"{&quot;background_background&quot;:&quot;gradient&quot;,&quot;animation&quot;:&quot;bounceIn&quot;}\">\n\t\t<div class=\"elementor-element elementor-element-44de3a3 e-con-full e-flex e-con e-child\" data-id=\"44de3a3\" data-element_type=\"container\">\n\t\t\t\t<div class=\"elementor-element elementor-element-ac7c887 elementor-widget__width-inherit elementor-widget-mobile__width-inherit elementor-widget elementor-widget-heading\" data-id=\"ac7c887\" data-element_type=\"widget\" data-widget_type=\"heading.default\">\n\t\t\t\t\t<h2 class=\"elementor-heading-title elementor-size-default\">KUTYAKOZMETIKUS ASSZISZTENS KURZUS<\/h2>\t\t\t\t<\/div>\n\t\t\t\t<\/div>\n\t\t\t\t<\/div>\n\t\t<div class=\"elementor-element elementor-element-d12fbee e-flex e-con-boxed elementor-invisible e-con e-parent\" data-id=\"d12fbee\" data-element_type=\"container\" data-settings=\"{&quot;background_background&quot;:&quot;classic&quot;,&quot;animation&quot;:&quot;bounceIn&quot;}\">\n\t\t\t\t\t<div class=\"e-con-inner\">\n\t\t\t\t<div class=\"elementor-element elementor-element-597b642 elementor-invisible elementor-widget elementor-widget-text-editor\" data-id=\"597b642\" data-element_type=\"widget\" data-settings=\"{&quot;_animation&quot;:&quot;fadeIn&quot;}\" data-widget_type=\"text-editor.default\">\n\t\t\t\t\t\t\t\t\t<div>A BM International Grooming Academy Magyarorsz\u00e1gon els\u0151k\u00e9nt ind\u00edt professzion\u00e1lis Kutyakozmetikus Asszisztens tanfolyamot, amelyet kifejezetten a modern, magas sz\u00ednvonal\u00fa kutyakozmetik\u00e1k ig\u00e9nyeire tervezt\u00fcnk.<\/div><div>\u00a0<\/div><div>Ez a kurzus hi\u00e1nyp\u00f3tl\u00f3 szerepet t\u00f6lt be a szakm\u00e1ban: c\u00e9lja olyan felk\u00e9sz\u00fclt, magabiztos asszisztensek k\u00e9pz\u00e9se, akik val\u00f3di, \u00e9rdemi seg\u00edts\u00e9get tudnak ny\u00fajtani a kutyakozmetikus munk\u00e1j\u00e1ban.<\/div>\t\t\t\t\t\t\t\t<\/div>\n\t\t\t\t\t<\/div>\n\t\t\t\t<\/div>\n\t\t<div class=\"elementor-element elementor-element-54bc8af e-flex e-con-boxed e-con e-parent\" data-id=\"54bc8af\" data-element_type=\"container\">\n\t\t\t\t\t<div class=\"e-con-inner\">\n\t\t<div class=\"elementor-element elementor-element-2419a96 e-con-full e-flex e-con e-child\" data-id=\"2419a96\" data-element_type=\"container\">\n\t\t<div class=\"elementor-element elementor-element-57449a6 e-con-full e-flex e-con e-child\" data-id=\"57449a6\" data-element_type=\"container\">\n\t\t<div class=\"elementor-element elementor-element-9c18d4d e-con-full e-flex e-con e-child\" data-id=\"9c18d4d\" data-element_type=\"container\">\n\t\t\t\t<div class=\"elementor-element elementor-element-26c411d elementor-invisible elementor-widget elementor-widget-heading\" data-id=\"26c411d\" data-element_type=\"widget\" data-settings=\"{&quot;_animation&quot;:&quot;zoomIn&quot;}\" data-widget_type=\"heading.default\">\n\t\t\t\t\t<h2 class=\"elementor-heading-title elementor-size-default\">Mi\u00e9rt kulcsfontoss\u00e1g\u00fa a kutyakozmetikus asszisztens?\n<\/h2>\t\t\t\t<\/div>\n\t\t\t\t<\/div>\n\t\t\t\t<div class=\"elementor-element elementor-element-ec21d4d elementor-invisible elementor-widget elementor-widget-text-editor\" data-id=\"ec21d4d\" data-element_type=\"widget\" data-settings=\"{&quot;_animation&quot;:&quot;zoomIn&quot;}\" data-widget_type=\"text-editor.default\">\n\t\t\t\t\t\t\t\t\t<div id=\":13j\" class=\"ii gt\"><div id=\":13k\" class=\"a3s aiL\"><div id=\"avWBGd-352\"><div><em>Egy j\u00f3l k\u00e9pzett asszisztens:<\/em><\/div><div>\u00a0\u2022 szakszer\u0171en el\u0151k\u00e9sz\u00edti a kuty\u00e1t (f\u00fcrdet\u00e9s, \u00e1pol\u00e1s, kif\u00e9s\u00fcl\u00e9s, sz\u00e1r\u00edt\u00e1s),<\/div><div>\u00a0\u2022 t\u00f6k\u00e9letesen el\u0151k\u00e9sz\u00edti az \u00e1llatot a ny\u00edr\u00e1shoz \u00e9s form\u00e1z\u00e1shoz,<\/div><div>\u00a0\u2022 biztons\u00e1gosan \u00e9s nyugodtan kezeli a kuty\u00e1t a kozmetikai folyamatok sor\u00e1n,<\/div><div>\u00a0\u2022 seg\u00edti a kozmetikus munk\u00e1j\u00e1t, \u00edgy gyorsabb, hat\u00e9konyabb \u00e9s stresszmentesebb lesz a teljes szolg\u00e1ltat\u00e1s,<\/div><div>\u00a0\u2022 kommunik\u00e1l a gazdikkal, id\u0151pontokat kezel, seg\u00edt a szalon g\u00f6rd\u00fcl\u00e9keny m\u0171k\u00f6d\u00e9s\u00e9ben.<\/div><\/div><\/div><\/div>\t\t\t\t\t\t\t\t<\/div>\n\t\t\t\t<\/div>\n\t\t\t\t<\/div>\n\t\t<div class=\"elementor-element elementor-element-1e1c187 e-con-full e-flex elementor-invisible e-con e-child\" data-id=\"1e1c187\" data-element_type=\"container\" data-settings=\"{&quot;animation&quot;:&quot;bounceIn&quot;}\">\n\t\t\t\t<div class=\"elementor-element elementor-element-cc93d15 elementor-invisible elementor-widget elementor-widget-image\" data-id=\"cc93d15\" data-element_type=\"widget\" data-settings=\"{&quot;_animation&quot;:&quot;bounceInDown&quot;}\" data-widget_type=\"image.default\">\n\t\t\t\t\t\t\t\t\t\t\t\t\t\t\t<img decoding=\"async\" src=\"https:\/\/bmacademy.hu\/wp-content\/uploads\/elementor\/thumbs\/IMG_0867-1-rjfeys9jzu3guzfmihnaypgpzg4bpgqd9mxs72xmrc.jpeg\" title=\"IMG_0867\" alt=\"IMG_0867\" loading=\"lazy\" \/>\t\t\t\t\t\t\t\t\t\t\t\t\t\t\t<\/div>\n\t\t\t\t<\/div>\n\t\t\t\t\t<\/div>\n\t\t\t\t<\/div>\n\t\t<div class=\"elementor-element elementor-element-36d65e7 e-flex e-con-boxed e-con e-parent\" data-id=\"36d65e7\" data-element_type=\"container\" data-settings=\"{&quot;background_background&quot;:&quot;classic&quot;}\">\n\t\t\t\t\t<div class=\"e-con-inner\">\n\t\t<div class=\"elementor-element elementor-element-57fa83b e-con-full e-flex elementor-invisible e-con e-child\" data-id=\"57fa83b\" data-element_type=\"container\" data-settings=\"{&quot;background_background&quot;:&quot;classic&quot;,&quot;animation&quot;:&quot;bounceIn&quot;}\">\n\t\t\t\t<div class=\"elementor-element elementor-element-1870f4b elementor-invisible elementor-widget elementor-widget-heading\" data-id=\"1870f4b\" data-element_type=\"widget\" data-settings=\"{&quot;_animation&quot;:&quot;zoomIn&quot;}\" data-widget_type=\"heading.default\">\n\t\t\t\t\t<h3 class=\"elementor-heading-title elementor-size-default\">Mit ad a kurzus?<\/h3>\t\t\t\t<\/div>\n\t\t<div class=\"elementor-element elementor-element-3f48455 e-con-full e-flex e-con e-child\" data-id=\"3f48455\" data-element_type=\"container\">\n\t\t\t\t<div class=\"elementor-element elementor-element-691bc68 elementor-invisible elementor-widget elementor-widget-text-editor\" data-id=\"691bc68\" data-element_type=\"widget\" data-settings=\"{&quot;_animation&quot;:&quot;zoomIn&quot;}\" data-widget_type=\"text-editor.default\">\n\t\t\t\t\t\t\t\t\t<div>A tanfolyam sor\u00e1n a tanul\u00f3k:<\/div><div>\u00a0\u2022 megtanulj\u00e1k a szakszer\u0171 f\u00fcrdet\u00e9st, sz\u00e1r\u00edt\u00e1st, el\u0151k\u00e9sz\u00edt\u00e9st, sz\u0151rbont\u00e1st, kuty\u00e1k b\u0151rbetegs\u00e9geit, eszk\u00f6zhaszn\u00e1latot,\u00a0<\/div><div>\u00a0\u2022 elsaj\u00e1t\u00edtj\u00e1k az alapvet\u0151 kutyakezel\u00e9si, biztons\u00e1gi \u00e9s higi\u00e9niai szab\u00e1lyokat,<\/div><div>\u00a0\u2022 megismerik a k\u00fcl\u00f6nb\u00f6z\u0151 sz\u0151rt\u00edpusokat \u00e9s azok el\u0151k\u00e9sz\u00edt\u00e9si technik\u00e1it,<\/div><div>\u2022 megtanulj\u00e1k a Luxus Dog Spa ter\u00e1pi\u00e1kat<\/div><div>\u00a0\u2022 belel\u00e1tnak egy pr\u00e9mium kutyakozmetika mindennapi m\u0171k\u00f6d\u00e9s\u00e9be,<\/div><div>\u00a0\u2022 val\u00f3di gyakorlati tud\u00e1st szereznek, azonnal haszn\u00e1lhat\u00f3 tapasztalattal.<\/div>\t\t\t\t\t\t\t\t<\/div>\n\t\t\t\t<div class=\"elementor-element elementor-element-b4dbcc7 elementor-invisible elementor-widget elementor-widget-heading\" data-id=\"b4dbcc7\" data-element_type=\"widget\" data-settings=\"{&quot;_animation&quot;:&quot;zoomIn&quot;}\" data-widget_type=\"heading.default\">\n\t\t\t\t\t<h3 class=\"elementor-heading-title elementor-size-default\">Kinek aj\u00e1nljuk?<\/h3>\t\t\t\t<\/div>\n\t\t\t\t<\/div>\n\t\t<div class=\"elementor-element elementor-element-9ca76ab e-con-full e-flex e-con e-child\" data-id=\"9ca76ab\" data-element_type=\"container\">\n\t\t<div class=\"elementor-element elementor-element-54ac6d6 e-con-full e-flex e-con e-child\" data-id=\"54ac6d6\" data-element_type=\"container\">\n\t\t\t\t<div class=\"elementor-element elementor-element-3b8cd28 elementor-invisible elementor-widget elementor-widget-text-editor\" data-id=\"3b8cd28\" data-element_type=\"widget\" data-settings=\"{&quot;_animation&quot;:&quot;zoomIn&quot;}\" data-widget_type=\"text-editor.default\">\n\t\t\t\t\t\t\t\t\t<div><div><div>\u2022 Akik szeretn\u00e9nek kutyakozmetik\u00e1ban dolgozni, de m\u00e9g nem v\u00e1gn\u00e1nak bele r\u00f6gt\u00f6n a teljes kozmetikus k\u00e9pz\u00e9sbe<\/div><div>\u00a0\u2022 Akik stabil, keresett szakm\u00e1t szeretn\u00e9nek<\/div><div>\u00a0\u2022 Akik k\u00e9s\u0151bb ak\u00e1r tov\u00e1bbl\u00e9pn\u00e9nek kutyakozmetikus ir\u00e1nyba<\/div><div>\u00a0\u2022 Szalonok sz\u00e1m\u00e1ra, akik szakk\u00e9pzett, profi asszisztenst szeretn\u00e9nek alkalmazni.<\/div><div>\u00a0<\/div><div>A tanfolyam v\u00e9g\u00e9n Tan\u00fas\u00edtv\u00e1nyt biztos\u00edtunk.\u00a0<\/div><\/div><\/div><div class=\"yj6qo\"><strong>Oktat\u00f3: Megyesi Beatrix<\/strong><\/div>\t\t\t\t\t\t\t\t<\/div>\n\t\t\t\t<\/div>\n\t\t\t\t<\/div>\n\t\t\t\t<\/div>\n\t\t<div class=\"elementor-element elementor-element-4ad24fc e-con-full e-flex e-con e-child\" data-id=\"4ad24fc\" data-element_type=\"container\">\n\t\t<div class=\"elementor-element elementor-element-85b2e20 e-con-full e-flex elementor-invisible e-con e-child\" data-id=\"85b2e20\" data-element_type=\"container\" data-settings=\"{&quot;animation&quot;:&quot;bounceIn&quot;}\">\n\t\t\t\t<div class=\"elementor-element elementor-element-6b20391 elementor-widget elementor-widget-image\" data-id=\"6b20391\" data-element_type=\"widget\" data-widget_type=\"image.default\">\n\t\t\t\t\t\t\t\t\t\t\t\t\t\t\t<img fetchpriority=\"high\" decoding=\"async\" width=\"819\" height=\"1024\" src=\"https:\/\/bmacademy.hu\/wp-content\/uploads\/2026\/02\/IMG_0852-1-819x1024.jpeg\" class=\"attachment-large size-large wp-image-1079\" alt=\"\" srcset=\"https:\/\/bmacademy.hu\/wp-content\/uploads\/2026\/02\/IMG_0852-1-819x1024.jpeg 819w, https:\/\/bmacademy.hu\/wp-content\/uploads\/2026\/02\/IMG_0852-1-240x300.jpeg 240w, https:\/\/bmacademy.hu\/wp-content\/uploads\/2026\/02\/IMG_0852-1-768x960.jpeg 768w, https:\/\/bmacademy.hu\/wp-content\/uploads\/2026\/02\/IMG_0852-1-1229x1536.jpeg 1229w, https:\/\/bmacademy.hu\/wp-content\/uploads\/2026\/02\/IMG_0852-1.jpeg 1440w\" sizes=\"(max-width: 819px) 100vw, 819px\" \/>\t\t\t\t\t\t\t\t\t\t\t\t\t\t\t<\/div>\n\t\t\t\t<\/div>\n\t\t\t\t<\/div>\n\t\t\t\t\t<\/div>\n\t\t\t\t<\/div>\n\t\t<div class=\"elementor-element elementor-element-4539d6a e-flex e-con-boxed e-con e-parent\" data-id=\"4539d6a\" data-element_type=\"container\" data-settings=\"{&quot;background_background&quot;:&quot;classic&quot;}\">\n\t\t\t\t\t<div class=\"e-con-inner\">\n\t\t<div class=\"elementor-element elementor-element-ee87d5e e-con-full e-flex elementor-invisible e-con e-child\" data-id=\"ee87d5e\" data-element_type=\"container\" data-settings=\"{&quot;animation&quot;:&quot;bounceIn&quot;}\">\n\t\t\t\t<div class=\"elementor-element elementor-element-0508e22 elementor-invisible elementor-widget elementor-widget-heading\" data-id=\"0508e22\" data-element_type=\"widget\" data-settings=\"{&quot;_animation&quot;:&quot;zoomIn&quot;}\" data-widget_type=\"heading.default\">\n\t\t\t\t\t<h2 class=\"elementor-heading-title elementor-size-default\">Jelentkezz kurzusainkra!<\/h2>\t\t\t\t<\/div>\n\t\t\t\t<div class=\"elementor-element elementor-element-44cc117 elementor-widget__width-initial elementor-widget-mobile__width-initial elementor-invisible elementor-widget elementor-widget-shortcode\" data-id=\"44cc117\" data-element_type=\"widget\" data-settings=\"{&quot;_animation&quot;:&quot;zoomIn&quot;}\" data-widget_type=\"shortcode.default\">\n\t\t\t\t\t\t\t<div class=\"elementor-shortcode\"><div class=\"forminator-ui forminator-custom-form forminator-custom-form-572 forminator-design--default  forminator_ajax\" data-forminator-render=\"0\" data-form=\"forminator-module-572\" data-uid=\"6a0877fca4bf4\"><br\/><\/div><form\n\t\t\t\tid=\"forminator-module-572\"\n\t\t\t\tclass=\"forminator-ui forminator-custom-form forminator-custom-form-572 forminator-design--default  forminator_ajax\"\n\t\t\t\tmethod=\"post\"\n\t\t\t\tdata-forminator-render=\"0\"\n\t\t\t\tdata-form-id=\"572\"\n\t\t\t\t data-color-option=\"theme\" data-design=\"default\" data-grid=\"open\" style=\"display: none;\"\n\t\t\t\tdata-uid=\"6a0877fca4bf4\"\n\t\t\t><div role=\"alert\" aria-live=\"polite\" class=\"forminator-response-message forminator-error\" aria-hidden=\"true\"><\/div><div class=\"forminator-row\"><div id=\"name-1\" class=\"forminator-field-name forminator-col forminator-col-12 \"><div class=\"forminator-field\"><label for=\"forminator-field-name-1_6a0877fca4bf4\" id=\"forminator-field-name-1_6a0877fca4bf4-label\" class=\"forminator-label\">N\u00e9v <span class=\"forminator-required\">*<\/span><\/label><input type=\"text\" name=\"name-1\" value=\"\" placeholder=\"\" id=\"forminator-field-name-1_6a0877fca4bf4\" class=\"forminator-input forminator-name--field\" aria-required=\"true\" autocomplete=\"name\" \/><\/div><\/div><\/div><div class=\"forminator-row\"><div id=\"email-1\" class=\"forminator-field-email forminator-col forminator-col-12 \"><div class=\"forminator-field\"><label for=\"forminator-field-email-1_6a0877fca4bf4\" id=\"forminator-field-email-1_6a0877fca4bf4-label\" class=\"forminator-label\">Email c\u00edm <span class=\"forminator-required\">*<\/span><\/label><input type=\"email\" name=\"email-1\" value=\"\" placeholder=\"\" id=\"forminator-field-email-1_6a0877fca4bf4\" class=\"forminator-input forminator-email--field\" data-required=\"true\" aria-required=\"true\" autocomplete=\"email\" \/><\/div><\/div><\/div><div class=\"forminator-row\"><div id=\"select-1\" class=\"forminator-field-select forminator-col forminator-col-12 \"><div class=\"forminator-field\"><label for=\"forminator-form-572__field--select-1_6a0877fca4bf4\" id=\"forminator-form-572__field--select-1_6a0877fca4bf4-label\" class=\"forminator-label\">Kurzusok <span class=\"forminator-required\">*<\/span><\/label><select  id=\"forminator-form-572__field--select-1_6a0877fca4bf4\" class=\"forminator-select--field forminator-select2 forminator-select2-multiple\" data-required=\"1\" name=\"select-1\" data-default-value=\"\" data-hidden-behavior=\"zero\" data-placeholder=\"V\u00e1lassz a kurzusaink k\u00f6z\u00fcl!\" data-search=\"false\" data-search-placeholder=\"V\u00e1lassz a kurzusaink k\u00f6z\u00fcl!\" data-checkbox=\"false\" data-allow-clear=\"false\" aria-labelledby=\"forminator-form-572__field--select-1_6a0877fca4bf4-label\"><option value=\"\"  >V\u00e1lassz a kurzusaink k\u00f6z\u00fcl!<\/option><option value=\"one\"  data-calculation=\"0\">Pomeranian Grooming Coursse<\/option><option value=\"two\"  data-calculation=\"0\">Poodle Show Grooming Course<\/option><option value=\"Asian-Style-Course\"  data-calculation=\"0\">Asian Style Course<\/option><option value=\"Model-Dog-Course\"  data-calculation=\"0\">Model Dog Course<\/option><option value=\"Creative-Coloring-Course\"  data-calculation=\"0\">Creative Coloring Course<\/option><option value=\"14-napos-kutyakozmetikus\"  data-calculation=\"0\">14 napos kutyakozmetikus k\u00e9pz\u00e9s<\/option><option value=\"Luxus-Dog-Spa\"  data-calculation=\"0\">Luxus Dog Spa Course<\/option><option value=\"Kutyakozmetikus-Asszisztens\"  data-calculation=\"0\">Kutyakozmetikus asszisztens<\/option><\/select><\/div><\/div><\/div><div class=\"forminator-row\"><div id=\"phone-1\" class=\"forminator-field-phone forminator-col forminator-col-12 \"><div class=\"forminator-field\"><label for=\"forminator-field-phone-1_6a0877fca4bf4\" id=\"forminator-field-phone-1_6a0877fca4bf4-label\" class=\"forminator-label\">Telefonsz\u00e1m <span class=\"forminator-required\">*<\/span><\/label><input type=\"text\" name=\"phone-1\" value=\"\" placeholder=\"\" id=\"forminator-field-phone-1_6a0877fca4bf4\" class=\"forminator-input forminator-field--phone\" data-required=\"1\" aria-required=\"true\" autocomplete=\"off\" \/><\/div><\/div><\/div><div class=\"forminator-row\"><div id=\"consent-1\" class=\"forminator-field-consent forminator-col forminator-col-12 \"><div class=\"forminator-field\"><label for=\"forminator-field-consent-1_6a0877fca4bf4\" id=\"forminator-field-consent-1_6a0877fca4bf4-label\" class=\"forminator-label\">\u00c9rdekel a k\u00e9pz\u00e9s, szeretn\u00e9k t\u00f6bb r\u00e9szletet megtudni. <span class=\"forminator-required\">*<\/span><\/label><div class=\"forminator-checkbox__wrapper\"><label id=\"forminator-field-consent-1_6a0877fca4bf4__label\" class=\"forminator-checkbox forminator-consent\" aria-labelledby=\"forminator-field-consent-1_6a0877fca4bf4-label\"><input type=\"checkbox\" name=\"consent-1\" id=\"forminator-field-consent-1_6a0877fca4bf4\" value=\"checked\" aria-labelledby=\"forminator-field-consent-1_6a0877fca4bf4-label\" data-required=\"true\" aria-required=\"true\" \/><span class=\"forminator-checkbox-box\" aria-hidden=\"true\"><\/span><\/label><div id=\"forminator-field-consent-1_6a0877fca4bf4__description\" class=\"forminator-checkbox__label forminator-consent__label\"><\/div><\/div><\/div><\/div><\/div><input type=\"hidden\" name=\"referer_url\" value=\"\" \/><div class=\"forminator-row forminator-row-last\"><div class=\"forminator-col\"><div class=\"forminator-field\"><button class=\"forminator-button forminator-button-submit\">K&uuml;ld&eacute;s<\/button><\/div><\/div><\/div><input type=\"hidden\" id=\"forminator_nonce\" name=\"forminator_nonce\" value=\"29da4e7343\" \/><input type=\"hidden\" name=\"_wp_http_referer\" value=\"\/index.php\/wp-json\/wp\/v2\/pages\/1075\" \/><input type=\"hidden\" name=\"form_id\" value=\"572\"><input type=\"hidden\" name=\"page_id\" value=\"1075\"><input type=\"hidden\" name=\"form_type\" value=\"default\"><input type=\"hidden\" name=\"current_url\" value=\"https:\/\/bmacademy.hu\/index.php\/kutyakozmetikus-asszisztens-kurzus\/\"><input type=\"hidden\" name=\"render_id\" value=\"0\"><input type=\"hidden\" name=\"action\" value=\"forminator_submit_form_custom-forms\"><\/form><\/div>\n\t\t\t\t\t\t<\/div>\n\t\t\t\t<\/div>\n\t\t<div class=\"elementor-element elementor-element-e5b6d74 e-con-full e-flex e-con e-child\" data-id=\"e5b6d74\" data-element_type=\"container\">\n\t\t<div class=\"elementor-element elementor-element-bb03745 e-con-full e-flex elementor-invisible e-con e-child\" data-id=\"bb03745\" data-element_type=\"container\" data-settings=\"{&quot;animation&quot;:&quot;bounceIn&quot;}\">\n\t\t<div class=\"elementor-element elementor-element-97d155b e-con-full e-flex elementor-invisible e-con e-child\" data-id=\"97d155b\" data-element_type=\"container\" data-settings=\"{&quot;background_background&quot;:&quot;classic&quot;,&quot;animation&quot;:&quot;bounceInDown&quot;}\">\n\t\t<div class=\"elementor-element elementor-element-069c6c4 e-con-full e-flex e-con e-child\" data-id=\"069c6c4\" data-element_type=\"container\">\n\t\t\t\t<div class=\"elementor-element elementor-element-7bc3e60 elementor-widget elementor-widget-image\" data-id=\"7bc3e60\" data-element_type=\"widget\" data-widget_type=\"image.default\">\n\t\t\t\t\t\t\t\t\t\t\t\t\t\t\t<img decoding=\"async\" width=\"1024\" height=\"683\" src=\"https:\/\/bmacademy.hu\/wp-content\/uploads\/2026\/02\/Nevtelen-terv-5-1024x683.png\" class=\"attachment-large size-large wp-image-525\" alt=\"\" srcset=\"https:\/\/bmacademy.hu\/wp-content\/uploads\/2026\/02\/Nevtelen-terv-5-1024x683.png 1024w, https:\/\/bmacademy.hu\/wp-content\/uploads\/2026\/02\/Nevtelen-terv-5-300x200.png 300w, https:\/\/bmacademy.hu\/wp-content\/uploads\/2026\/02\/Nevtelen-terv-5-768x512.png 768w, https:\/\/bmacademy.hu\/wp-content\/uploads\/2026\/02\/Nevtelen-terv-5.png 1536w\" sizes=\"(max-width: 1024px) 100vw, 1024px\" \/>\t\t\t\t\t\t\t\t\t\t\t\t\t\t\t<\/div>\n\t\t\t\t<div class=\"elementor-element elementor-element-4ddbcba elementor-invisible elementor-widget elementor-widget-heading\" data-id=\"4ddbcba\" data-element_type=\"widget\" data-settings=\"{&quot;_animation&quot;:&quot;zoomIn&quot;}\" data-widget_type=\"heading.default\">\n\t\t\t\t\t<h2 class=\"elementor-heading-title elementor-size-default\">Tov\u00e1bbi kurzusaink<\/h2>\t\t\t\t<\/div>\n\t\t\t\t<div class=\"elementor-element elementor-element-873f66a elementor-align-center elementor-invisible elementor-widget elementor-widget-button\" data-id=\"873f66a\" data-element_type=\"widget\" data-settings=\"{&quot;_animation&quot;:&quot;zoomIn&quot;}\" data-widget_type=\"button.default\">\n\t\t\t\t\t\t\t\t\t\t<a class=\"elementor-button elementor-button-link elementor-size-sm\" href=\"https:\/\/bmacademy.hu\/index.php\/kurzusaink\/\">\n\t\t\t\t\t\t<span class=\"elementor-button-content-wrapper\">\n\t\t\t\t\t\t\t\t\t<span class=\"elementor-button-text\">Kurzusok megtekint\u00e9se<\/span>\n\t\t\t\t\t<\/span>\n\t\t\t\t\t<\/a>\n\t\t\t\t\t\t\t\t<\/div>\n\t\t\t\t<\/div>\n\t\t\t\t<\/div>\n\t\t\t\t<\/div>\n\t\t\t\t<\/div>\n\t\t\t\t\t<\/div>\n\t\t\t\t<\/div>\n\t\t\t\t<\/div>\n\t\t","protected":false},"excerpt":{"rendered":"<p>KUTYAKOZMETIKUS ASSZISZTENS KURZUS A BM International Grooming Academy Magyarorsz\u00e1gon els\u0151k\u00e9nt ind\u00edt professzion\u00e1lis Kutyakozmetikus Asszisztens tanfolyamot, amelyet kifejezetten a modern, magas [&hellip;]<\/p>\n","protected":false},"author":1,"featured_media":0,"parent":0,"menu_order":0,"comment_status":"closed","ping_status":"closed","template":"","meta":{"site-sidebar-layout":"no-sidebar","site-content-layout":"","ast-site-content-layout":"full-width-container","site-content-style":"default","site-sidebar-style":"default","ast-global-header-display":"","ast-banner-title-visibility":"","ast-main-header-display":"","ast-hfb-above-header-display":"","ast-hfb-below-header-display":"","ast-hfb-mobile-header-display":"","site-post-title":"disabled","ast-breadcrumbs-content":"","ast-featured-img":"disabled","footer-sml-layout":"","ast-disable-related-posts":"","theme-transparent-header-meta":"","adv-header-id-meta":"","stick-header-meta":"","header-above-stick-meta":"","header-main-stick-meta":"","header-below-stick-meta":"","astra-migrate-meta-layouts":"default","ast-page-background-enabled":"default","ast-page-background-meta":{"desktop":{"background-color":"var(--ast-global-color-5)","background-image":"","background-repeat":"repeat","background-position":"center center","background-size":"auto","background-attachment":"scroll","background-type":"","background-media":"","overlay-type":"","overlay-color":"","overlay-opacity":"","overlay-gradient":""},"tablet":{"background-color":"","background-image":"","background-repeat":"repeat","background-position":"center center","background-size":"auto","background-attachment":"scroll","background-type":"","background-media":"","overlay-type":"","overlay-color":"","overlay-opacity":"","overlay-gradient":""},"mobile":{"background-color":"","background-image":"","background-repeat":"repeat","background-position":"center center","background-size":"auto","background-attachment":"scroll","background-type":"","background-media":"","overlay-type":"","overlay-color":"","overlay-opacity":"","overlay-gradient":""}},"ast-content-background-meta":{"desktop":{"background-color":"var(--ast-global-color-4)","background-image":"","background-repeat":"repeat","background-position":"center center","background-size":"auto","background-attachment":"scroll","background-type":"","background-media":"","overlay-type":"","overlay-color":"","overlay-opacity":"","overlay-gradient":""},"tablet":{"background-color":"var(--ast-global-color-4)","background-image":"","background-repeat":"repeat","background-position":"center center","background-size":"auto","background-attachment":"scroll","background-type":"","background-media":"","overlay-type":"","overlay-color":"","overlay-opacity":"","overlay-gradient":""},"mobile":{"background-color":"var(--ast-global-color-4)","background-image":"","background-repeat":"repeat","background-position":"center center","background-size":"auto","background-attachment":"scroll","background-type":"","background-media":"","overlay-type":"","overlay-color":"","overlay-opacity":"","overlay-gradient":""}},"footnotes":""},"class_list":["post-1075","page","type-page","status-publish","hentry"],"_links":{"self":[{"href":"https:\/\/bmacademy.hu\/index.php\/wp-json\/wp\/v2\/pages\/1075","targetHints":{"allow":["GET"]}}],"collection":[{"href":"https:\/\/bmacademy.hu\/index.php\/wp-json\/wp\/v2\/pages"}],"about":[{"href":"https:\/\/bmacademy.hu\/index.php\/wp-json\/wp\/v2\/types\/page"}],"author":[{"embeddable":true,"href":"https:\/\/bmacademy.hu\/index.php\/wp-json\/wp\/v2\/users\/1"}],"replies":[{"embeddable":true,"href":"https:\/\/bmacademy.hu\/index.php\/wp-json\/wp\/v2\/comments?post=1075"}],"version-history":[{"count":13,"href":"https:\/\/bmacademy.hu\/index.php\/wp-json\/wp\/v2\/pages\/1075\/revisions"}],"predecessor-version":[{"id":1193,"href":"https:\/\/bmacademy.hu\/index.php\/wp-json\/wp\/v2\/pages\/1075\/revisions\/1193"}],"wp:attachment":[{"href":"https:\/\/bmacademy.hu\/index.php\/wp-json\/wp\/v2\/media?parent=1075"}],"curies":[{"name":"wp","href":"https:\/\/api.w.org\/{rel}","templated":true}]}}