{"id":14,"date":"2026-01-14T19:04:21","date_gmt":"2026-01-14T19:04:21","guid":{"rendered":"https:\/\/bmacademy.hu\/?page_id=14"},"modified":"2026-02-23T09:46:29","modified_gmt":"2026-02-23T09:46:29","slug":"kezdolap","status":"publish","type":"page","link":"https:\/\/bmacademy.hu\/","title":{"rendered":""},"content":{"rendered":"\t\t<div data-elementor-type=\"wp-page\" data-elementor-id=\"14\" class=\"elementor elementor-14\">\n\t\t\t\t<div class=\"elementor-element elementor-element-08528d3 e-con-full e-grid elementor-invisible e-con e-parent\" data-id=\"08528d3\" data-element_type=\"container\" data-settings=\"{&quot;background_background&quot;:&quot;slideshow&quot;,&quot;background_slideshow_gallery&quot;:[{&quot;id&quot;:128,&quot;url&quot;:&quot;https:\\\/\\\/bmacademy.hu\\\/wp-content\\\/uploads\\\/2026\\\/01\\\/Nevtelen-1920-x-1080-keppont-1.jpg&quot;}],&quot;animation&quot;:&quot;fadeInDown&quot;,&quot;background_slideshow_loop&quot;:&quot;yes&quot;,&quot;background_slideshow_slide_duration&quot;:5000,&quot;background_slideshow_slide_transition&quot;:&quot;fade&quot;,&quot;background_slideshow_transition_duration&quot;:500}\">\n\t\t\t\t<div class=\"elementor-element elementor-element-5c36412 elementor-absolute elementor-invisible elementor-widget elementor-widget-heading\" data-id=\"5c36412\" data-element_type=\"widget\" data-settings=\"{&quot;_position&quot;:&quot;absolute&quot;,&quot;_animation&quot;:&quot;fadeIn&quot;}\" data-widget_type=\"heading.default\">\n\t\t\t\t\t<h3 class=\"elementor-heading-title elementor-size-default\">Modern nemzetk\u00f6zi szeml\u00e9let\u0171  \n<\/h3>\t\t\t\t<\/div>\n\t\t\t\t<div class=\"elementor-element elementor-element-c0ee13b elementor-absolute elementor-invisible elementor-widget elementor-widget-heading\" data-id=\"c0ee13b\" data-element_type=\"widget\" data-settings=\"{&quot;_position&quot;:&quot;absolute&quot;,&quot;_animation&quot;:&quot;fadeIn&quot;}\" data-widget_type=\"heading.default\">\n\t\t\t\t\t<h3 class=\"elementor-heading-title elementor-size-default\">kutyakozmetikus oktat\u00e1s - ahol a<\/h3>\t\t\t\t<\/div>\n\t\t\t\t<div class=\"elementor-element elementor-element-0fb888e elementor-absolute elementor-invisible elementor-widget elementor-widget-heading\" data-id=\"0fb888e\" data-element_type=\"widget\" data-settings=\"{&quot;_position&quot;:&quot;absolute&quot;,&quot;_animation&quot;:&quot;fadeIn&quot;}\" data-widget_type=\"heading.default\">\n\t\t\t\t\t<h3 class=\"elementor-heading-title elementor-size-default\">precizit\u00e1s \u00e9s a m\u0171v\u00e9szet tal\u00e1lkozik.<\/h3>\t\t\t\t<\/div>\n\t\t\t\t<\/div>\n\t\t<div class=\"elementor-element elementor-element-f6c9f34 e-flex e-con-boxed e-con e-parent\" data-id=\"f6c9f34\" data-element_type=\"container\">\n\t\t\t\t\t<div class=\"e-con-inner\">\n\t\t\t\t<div class=\"elementor-element elementor-element-0e2f02a elementor-absolute elementor-invisible elementor-widget elementor-widget-heading\" data-id=\"0e2f02a\" data-element_type=\"widget\" data-settings=\"{&quot;_position&quot;:&quot;absolute&quot;,&quot;_animation&quot;:&quot;fadeIn&quot;}\" data-widget_type=\"heading.default\">\n\t\t\t\t\t<h2 class=\"elementor-heading-title elementor-size-default\">Grooming Academy<\/h2>\t\t\t\t<\/div>\n\t\t\t\t<div class=\"elementor-element elementor-element-7f9d2dd elementor-absolute elementor-invisible elementor-widget elementor-widget-heading\" data-id=\"7f9d2dd\" data-element_type=\"widget\" data-settings=\"{&quot;_position&quot;:&quot;absolute&quot;,&quot;_animation&quot;:&quot;fadeIn&quot;}\" data-widget_type=\"heading.default\">\n\t\t\t\t\t<h2 class=\"elementor-heading-title elementor-size-default\">Beatrix Megyesi  International<\/h2>\t\t\t\t<\/div>\n\t\t\t\t\t<\/div>\n\t\t\t\t<\/div>\n\t\t<div class=\"elementor-element elementor-element-fc3b6ad e-con-full e-flex e-con e-parent\" data-id=\"fc3b6ad\" data-element_type=\"container\">\n\t\t\t\t<div class=\"elementor-element elementor-element-57ae7a7 elementor-absolute elementor-invisible elementor-widget elementor-widget-button\" data-id=\"57ae7a7\" data-element_type=\"widget\" data-settings=\"{&quot;_position&quot;:&quot;absolute&quot;,&quot;_animation&quot;:&quot;zoomIn&quot;}\" data-widget_type=\"button.default\">\n\t\t\t\t\t\t\t\t\t\t<a class=\"elementor-button elementor-button-link elementor-size-sm\" href=\"https:\/\/bmacademy.hu\/index.php\/tanfolyam\/\">\n\t\t\t\t\t\t<span class=\"elementor-button-content-wrapper\">\n\t\t\t\t\t\t\t\t\t<span class=\"elementor-button-text\">Tanfolyamok<\/span>\n\t\t\t\t\t<\/span>\n\t\t\t\t\t<\/a>\n\t\t\t\t\t\t\t\t<\/div>\n\t\t\t\t<div class=\"elementor-element elementor-element-e33df6c elementor-absolute elementor-align-center elementor-invisible elementor-widget elementor-widget-button\" data-id=\"e33df6c\" data-element_type=\"widget\" data-settings=\"{&quot;_position&quot;:&quot;absolute&quot;,&quot;_animation&quot;:&quot;zoomIn&quot;}\" data-widget_type=\"button.default\">\n\t\t\t\t\t\t\t\t\t\t<a class=\"elementor-button elementor-button-link elementor-size-sm\" href=\"https:\/\/bmacademy.hu\/index.php\/kapcsolat\/\">\n\t\t\t\t\t\t<span class=\"elementor-button-content-wrapper\">\n\t\t\t\t\t\t\t\t\t<span class=\"elementor-button-text\">Kapcsolat<\/span>\n\t\t\t\t\t<\/span>\n\t\t\t\t\t<\/a>\n\t\t\t\t\t\t\t\t<\/div>\n\t\t\t\t<\/div>\n\t\t<div class=\"elementor-element elementor-element-5ff5a86 e-flex e-con-boxed e-con e-parent\" data-id=\"5ff5a86\" data-element_type=\"container\">\n\t\t\t\t\t<div class=\"e-con-inner\">\n\t\t\t\t<div class=\"elementor-element elementor-element-0d33541 elementor-invisible elementor-widget elementor-widget-heading\" data-id=\"0d33541\" data-element_type=\"widget\" data-settings=\"{&quot;_animation&quot;:&quot;zoomIn&quot;}\" data-widget_type=\"heading.default\">\n\t\t\t\t\t<h1 class=\"elementor-heading-title elementor-size-default\">Mi\u00e9rt v\u00e1laszd a BM International Grooming Academy-t?<\/h1>\t\t\t\t<\/div>\n\t\t\t\t\t<\/div>\n\t\t\t\t<\/div>\n\t\t<div class=\"elementor-element elementor-element-f55458b e-con-full e-flex elementor-invisible e-con e-parent\" data-id=\"f55458b\" data-element_type=\"container\" data-settings=\"{&quot;animation&quot;:&quot;fadeInDown&quot;}\">\n\t\t<div class=\"elementor-element elementor-element-472bc86 e-con-full e-flex e-con e-child\" data-id=\"472bc86\" data-element_type=\"container\">\n\t\t<div class=\"elementor-element elementor-element-e6cd31e e-con-full e-flex e-con e-child\" data-id=\"e6cd31e\" data-element_type=\"container\" data-settings=\"{&quot;background_background&quot;:&quot;classic&quot;}\">\n\t\t\t\t<div class=\"elementor-element elementor-element-db5a9c3 elementor-widget elementor-widget-text-editor\" data-id=\"db5a9c3\" data-element_type=\"widget\" data-widget_type=\"text-editor.default\">\n\t\t\t\t\t\t\t\t\t<h3>\u00a0<\/h3><h3><img decoding=\"async\" class=\"alignnone wp-image-179\" src=\"https:\/\/bmacademy.hu\/wp-content\/uploads\/2026\/01\/Nevtelen-Facebook-bejegyzes-150x150.png\" alt=\"\" width=\"50\" height=\"42\" srcset=\"https:\/\/bmacademy.hu\/wp-content\/uploads\/2026\/01\/Nevtelen-Facebook-bejegyzes-300x251.png 300w, https:\/\/bmacademy.hu\/wp-content\/uploads\/2026\/01\/Nevtelen-Facebook-bejegyzes-768x644.png 768w, https:\/\/bmacademy.hu\/wp-content\/uploads\/2026\/01\/Nevtelen-Facebook-bejegyzes.png 940w\" sizes=\"(max-width: 50px) 100vw, 50px\" \/><\/h3><h4>Nemzetk\u00f6zi\u00a0 tapasztalat<\/h4><p>Nemzetk\u00f6zi workshopok,<\/p><p>modern szeml\u00e9let,<\/p><p>naprak\u00e9sz technik\u00e1k<\/p>\t\t\t\t\t\t\t\t<\/div>\n\t\t\t\t<\/div>\n\t\t\t\t<\/div>\n\t\t<div class=\"elementor-element elementor-element-2b35eb3 e-con-full e-flex e-con e-child\" data-id=\"2b35eb3\" data-element_type=\"container\">\n\t\t<div class=\"elementor-element elementor-element-b59df8d e-con-full e-flex e-con e-child\" data-id=\"b59df8d\" data-element_type=\"container\" data-settings=\"{&quot;background_background&quot;:&quot;classic&quot;}\">\n\t\t\t\t<div class=\"elementor-element elementor-element-932b17d elementor-widget elementor-widget-text-editor\" data-id=\"932b17d\" data-element_type=\"widget\" data-widget_type=\"text-editor.default\">\n\t\t\t\t\t\t\t\t\t<h3>\u00a0<\/h3><h3><img decoding=\"async\" class=\"alignnone wp-image-180\" src=\"https:\/\/bmacademy.hu\/wp-content\/uploads\/2026\/01\/Nevtelen-Facebook-bejegyzes-1-300x251.png\" alt=\"\" width=\"100\" height=\"84\" srcset=\"https:\/\/bmacademy.hu\/wp-content\/uploads\/2026\/01\/Nevtelen-Facebook-bejegyzes-1-300x251.png 300w, https:\/\/bmacademy.hu\/wp-content\/uploads\/2026\/01\/Nevtelen-Facebook-bejegyzes-1-768x644.png 768w, https:\/\/bmacademy.hu\/wp-content\/uploads\/2026\/01\/Nevtelen-Facebook-bejegyzes-1.png 940w\" sizes=\"(max-width: 100px) 100vw, 100px\" \/><\/h3><h4>Gyakorlatorient\u00e1lt k\u00e9pz\u00e9sek<\/h4><p>Val\u00f3di munkafolyamatok,<\/p><p>prec\u00edz l\u00e9p\u00e9sek,<\/p><p>azonnal haszn\u00e1lhat\u00f3 tud\u00e1s<\/p>\t\t\t\t\t\t\t\t<\/div>\n\t\t\t\t<\/div>\n\t\t\t\t<\/div>\n\t\t<div class=\"elementor-element elementor-element-534b427 e-con-full e-flex e-con e-child\" data-id=\"534b427\" data-element_type=\"container\">\n\t\t<div class=\"elementor-element elementor-element-93735e4 e-con-full e-flex e-con e-child\" data-id=\"93735e4\" data-element_type=\"container\" data-settings=\"{&quot;background_background&quot;:&quot;classic&quot;}\">\n\t\t\t\t<div class=\"elementor-element elementor-element-a8d1359 elementor-widget elementor-widget-text-editor\" data-id=\"a8d1359\" data-element_type=\"widget\" data-widget_type=\"text-editor.default\">\n\t\t\t\t\t\t\t\t\t<h3>\u00a0<\/h3><h3><img decoding=\"async\" class=\"alignnone wp-image-181\" src=\"https:\/\/bmacademy.hu\/wp-content\/uploads\/2026\/01\/Nevtelen-Facebook-bejegyzes-2-300x251.png\" alt=\"\" width=\"80\" height=\"67\" srcset=\"https:\/\/bmacademy.hu\/wp-content\/uploads\/2026\/01\/Nevtelen-Facebook-bejegyzes-2-300x251.png 300w, https:\/\/bmacademy.hu\/wp-content\/uploads\/2026\/01\/Nevtelen-Facebook-bejegyzes-2-768x644.png 768w, https:\/\/bmacademy.hu\/wp-content\/uploads\/2026\/01\/Nevtelen-Facebook-bejegyzes-2.png 940w\" sizes=\"(max-width: 80px) 100vw, 80px\" \/><\/h3><h4>Pr\u00e9mium min\u0151s\u00e9g &amp; prec\u00edzit\u00e1s<\/h4><p>R\u00e9szletekre \u00e9p\u00edt\u0151 oktat\u00e1s,<\/p><p>ig\u00e9nyes kivitelez\u00e9s,<\/p><p>stabil alapok.<\/p>\t\t\t\t\t\t\t\t<\/div>\n\t\t\t\t<\/div>\n\t\t\t\t<\/div>\n\t\t\t\t<\/div>\n\t\t<div class=\"elementor-element elementor-element-ceb9a67 e-flex e-con-boxed e-con e-parent\" data-id=\"ceb9a67\" data-element_type=\"container\" data-settings=\"{&quot;background_background&quot;:&quot;classic&quot;}\">\n\t\t\t\t\t<div class=\"e-con-inner\">\n\t\t<div class=\"elementor-element elementor-element-74eb8e7 e-con-full e-flex elementor-invisible e-con e-child\" data-id=\"74eb8e7\" data-element_type=\"container\" data-settings=\"{&quot;background_background&quot;:&quot;classic&quot;,&quot;animation&quot;:&quot;zoomIn&quot;}\">\n\t\t<div class=\"elementor-element elementor-element-9b75017 e-con-full e-flex e-con e-child\" data-id=\"9b75017\" data-element_type=\"container\" data-settings=\"{&quot;background_background&quot;:&quot;classic&quot;}\">\n\t\t\t\t<div class=\"elementor-element elementor-element-29dd74f elementor-widget elementor-widget-text-editor\" data-id=\"29dd74f\" data-element_type=\"widget\" data-widget_type=\"text-editor.default\">\n\t\t\t\t\t\t\t\t\t<p><img loading=\"lazy\" decoding=\"async\" class=\"alignnone size-medium wp-image-204\" src=\"https:\/\/bmacademy.hu\/wp-content\/uploads\/2026\/01\/Nevtelen-terv-2-300x200.png\" alt=\"\" width=\"300\" height=\"200\" srcset=\"https:\/\/bmacademy.hu\/wp-content\/uploads\/2026\/01\/Nevtelen-terv-2-300x200.png 300w, https:\/\/bmacademy.hu\/wp-content\/uploads\/2026\/01\/Nevtelen-terv-2-1024x683.png 1024w, https:\/\/bmacademy.hu\/wp-content\/uploads\/2026\/01\/Nevtelen-terv-2-768x512.png 768w, https:\/\/bmacademy.hu\/wp-content\/uploads\/2026\/01\/Nevtelen-terv-2.png 1536w\" sizes=\"(max-width: 300px) 100vw, 300px\" \/><\/p><h2>Megyesi Beatrix alap\u00edt\u00f3ja \u00e9s vezet\u0151 oktat\u00f3ja<\/h2><p>Kreat\u00edv kutyakozmetikus, nemzetk\u00f6zi szakmai el\u0151ad\u00f3 \u00e9s versenyb\u00edr\u00f3, t\u00f6bb mint 20 \u00e9v szakmai tapasztalattal. Oktat\u00e1si szeml\u00e9let\u00e9t a precizit\u00e1s, a m\u0171v\u00e9szi ig\u00e9nyess\u00e9g \u00e9s a gyakorlatban azonnal alkalmazhat\u00f3 tud\u00e1s hat\u00e1rozza meg.<\/p>\t\t\t\t\t\t\t\t<\/div>\n\t\t\t\t<\/div>\n\t\t\t\t<\/div>\n\t\t<div class=\"elementor-element elementor-element-6bf313a e-con-full e-flex elementor-invisible e-con e-child\" data-id=\"6bf313a\" data-element_type=\"container\" data-settings=\"{&quot;animation&quot;:&quot;zoomIn&quot;}\">\n\t\t<div class=\"elementor-element elementor-element-3a4c4e1 e-con-full e-flex e-con e-child\" data-id=\"3a4c4e1\" data-element_type=\"container\" data-settings=\"{&quot;background_background&quot;:&quot;classic&quot;}\">\n\t\t\t\t<div class=\"elementor-element elementor-element-6738d91 elementor-widget elementor-widget-text-editor\" data-id=\"6738d91\" data-element_type=\"widget\" data-widget_type=\"text-editor.default\">\n\t\t\t\t\t\t\t\t\t<p><img loading=\"lazy\" decoding=\"async\" class=\"alignnone size-medium wp-image-379\" src=\"https:\/\/bmacademy.hu\/wp-content\/uploads\/2026\/01\/Nevtelen-terv-3-300x200.png\" alt=\"\" width=\"300\" height=\"200\" srcset=\"https:\/\/bmacademy.hu\/wp-content\/uploads\/2026\/01\/Nevtelen-terv-3-300x200.png 300w, https:\/\/bmacademy.hu\/wp-content\/uploads\/2026\/01\/Nevtelen-terv-3-1024x683.png 1024w, https:\/\/bmacademy.hu\/wp-content\/uploads\/2026\/01\/Nevtelen-terv-3-768x512.png 768w, https:\/\/bmacademy.hu\/wp-content\/uploads\/2026\/01\/Nevtelen-terv-3.png 1536w\" sizes=\"(max-width: 300px) 100vw, 300px\" \/><\/p>\n<h2>Hamar Kitti kutyakozmetikus, oktat\u00f3<\/h2>\n<p>&nbsp;8 \u00e9v szakmai tapasztalattal rendelkez\u0151 kutyakozmetikus.&nbsp;<span style=\"font-style: inherit; font-weight: inherit;\">Munk\u00e1j\u00e1t a precizit\u00e1s, az ig\u00e9nyes kivitelez\u00e9s \u00e9s az \u00e1llatok ir\u00e1nti val\u00f3di elhivatotts\u00e1g jellemzi. Oktat\u00f3k\u00e9nt nagy hangs\u00falyt fektet a biztos alapokra, a gyakorlatban is alkalmazhat\u00f3 tud\u00e1sra, valamint arra, hogy tan\u00edtv\u00e1nyai magabiztos, \u00f6n\u00e1ll\u00f3 szakemberekk\u00e9 v\u00e1ljanak.<\/span><\/p>\t\t\t\t\t\t\t\t<\/div>\n\t\t\t\t<\/div>\n\t\t\t\t<\/div>\n\t\t\t\t\t<\/div>\n\t\t\t\t<\/div>\n\t\t<div class=\"elementor-element elementor-element-0e9384c e-flex e-con-boxed e-con e-parent\" data-id=\"0e9384c\" data-element_type=\"container\" data-settings=\"{&quot;background_background&quot;:&quot;classic&quot;}\">\n\t\t\t\t\t<div class=\"e-con-inner\">\n\t\t\t\t<div class=\"elementor-element elementor-element-6552c5e elementor-align-center elementor-invisible elementor-widget elementor-widget-button\" data-id=\"6552c5e\" data-element_type=\"widget\" data-settings=\"{&quot;_animation&quot;:&quot;zoomIn&quot;}\" data-widget_type=\"button.default\">\n\t\t\t\t\t\t\t\t\t\t<a class=\"elementor-button elementor-button-link elementor-size-sm\" href=\"https:\/\/bmacademy.hu\/index.php\/rolunk\/\">\n\t\t\t\t\t\t<span class=\"elementor-button-content-wrapper\">\n\t\t\t\t\t\t\t\t\t<span class=\"elementor-button-text\">Bemutatkoz\u00e1s<\/span>\n\t\t\t\t\t<\/span>\n\t\t\t\t\t<\/a>\n\t\t\t\t\t\t\t\t<\/div>\n\t\t\t\t\t<\/div>\n\t\t\t\t<\/div>\n\t\t<div class=\"elementor-element elementor-element-5178a6b e-flex e-con-boxed e-con e-parent\" data-id=\"5178a6b\" data-element_type=\"container\">\n\t\t\t\t\t<div class=\"e-con-inner\">\n\t\t\t\t<div class=\"elementor-element elementor-element-9289cf1 elementor-invisible elementor-widget elementor-widget-heading\" data-id=\"9289cf1\" data-element_type=\"widget\" data-settings=\"{&quot;_animation&quot;:&quot;zoomIn&quot;}\" data-widget_type=\"heading.default\">\n\t\t\t\t\t<h1 class=\"elementor-heading-title elementor-size-default\">K\u00c9PZ\u00c9SEINK<\/h1>\t\t\t\t<\/div>\n\t\t\t\t\t<\/div>\n\t\t\t\t<\/div>\n\t\t<div class=\"elementor-element elementor-element-344e332 e-con-full e-flex e-con e-parent\" data-id=\"344e332\" data-element_type=\"container\">\n\t\t\t\t<div class=\"elementor-element elementor-element-ef9cfeb elementor-invisible elementor-widget elementor-widget-heading\" data-id=\"ef9cfeb\" data-element_type=\"widget\" data-settings=\"{&quot;_animation&quot;:&quot;fadeInLeft&quot;}\" data-widget_type=\"heading.default\">\n\t\t\t\t\t<h5 class=\"elementor-heading-title elementor-size-default\">Pr\u00e9mium kutyakozmetikus oktat\u00e1s \u00e9s specializ\u00e1lt kurzusok nemzetk\u00f6zi szeml\u00e9lettel.<\/h5>\t\t\t\t<\/div>\n\t\t\t\t<\/div>\n\t\t<div class=\"elementor-element elementor-element-bd0d379 e-flex e-con-boxed e-con e-parent\" data-id=\"bd0d379\" data-element_type=\"container\">\n\t\t\t\t\t<div class=\"e-con-inner\">\n\t\t<div class=\"elementor-element elementor-element-2f15ff9 e-con-full e-flex elementor-invisible e-con e-child\" data-id=\"2f15ff9\" data-element_type=\"container\" data-settings=\"{&quot;animation&quot;:&quot;zoomIn&quot;}\">\n\t\t<div class=\"elementor-element elementor-element-acca286 e-con-full e-flex e-con e-child\" data-id=\"acca286\" data-element_type=\"container\" data-settings=\"{&quot;background_background&quot;:&quot;classic&quot;}\">\n\t\t<div class=\"elementor-element elementor-element-b280362 e-con-full e-flex e-con e-child\" data-id=\"b280362\" data-element_type=\"container\">\n\t\t\t\t<div class=\"elementor-element elementor-element-440a401 elementor-widget elementor-widget-image\" data-id=\"440a401\" data-element_type=\"widget\" data-widget_type=\"image.default\">\n\t\t\t\t\t\t\t\t\t\t\t\t\t\t\t\t<a href=\"https:\/\/bmacademy.hu\/index.php\/tanfolyam\/\">\n\t\t\t\t\t\t\t<img loading=\"lazy\" decoding=\"async\" width=\"1024\" height=\"1024\" src=\"https:\/\/bmacademy.hu\/wp-content\/uploads\/2026\/02\/Navy-Green-Modern-Spoken-English-Courses-Facebook-Post-1-1024x1024.png\" class=\"attachment-large size-large wp-image-1360\" alt=\"\" srcset=\"https:\/\/bmacademy.hu\/wp-content\/uploads\/2026\/02\/Navy-Green-Modern-Spoken-English-Courses-Facebook-Post-1-1024x1024.png 1024w, https:\/\/bmacademy.hu\/wp-content\/uploads\/2026\/02\/Navy-Green-Modern-Spoken-English-Courses-Facebook-Post-1-300x300.png 300w, https:\/\/bmacademy.hu\/wp-content\/uploads\/2026\/02\/Navy-Green-Modern-Spoken-English-Courses-Facebook-Post-1-150x150.png 150w, https:\/\/bmacademy.hu\/wp-content\/uploads\/2026\/02\/Navy-Green-Modern-Spoken-English-Courses-Facebook-Post-1-768x768.png 768w, https:\/\/bmacademy.hu\/wp-content\/uploads\/2026\/02\/Navy-Green-Modern-Spoken-English-Courses-Facebook-Post-1-1536x1536.png 1536w, https:\/\/bmacademy.hu\/wp-content\/uploads\/2026\/02\/Navy-Green-Modern-Spoken-English-Courses-Facebook-Post-1-2048x2048.png 2048w\" sizes=\"(max-width: 1024px) 100vw, 1024px\" \/>\t\t\t\t\t\t\t\t<\/a>\n\t\t\t\t\t\t\t\t\t\t\t\t\t\t\t<\/div>\n\t\t\t\t<\/div>\n\t\t\t\t<\/div>\n\t\t\t\t<\/div>\n\t\t<div class=\"elementor-element elementor-element-56d1f1b e-con-full e-flex elementor-invisible e-con e-child\" data-id=\"56d1f1b\" data-element_type=\"container\" data-settings=\"{&quot;animation&quot;:&quot;zoomIn&quot;}\">\n\t\t<div class=\"elementor-element elementor-element-dd74b6f e-con-full e-flex e-con e-child\" data-id=\"dd74b6f\" data-element_type=\"container\" data-settings=\"{&quot;background_background&quot;:&quot;classic&quot;}\">\n\t\t<div class=\"elementor-element elementor-element-0cab2d8 e-con-full e-flex e-con e-child\" data-id=\"0cab2d8\" data-element_type=\"container\">\n\t\t\t\t<div class=\"elementor-element elementor-element-bdd9326 elementor-widget elementor-widget-image\" data-id=\"bdd9326\" data-element_type=\"widget\" data-widget_type=\"image.default\">\n\t\t\t\t\t\t\t\t\t\t\t\t\t\t\t\t<a href=\"https:\/\/bmacademy.hu\/index.php\/kurzusaink\/\">\n\t\t\t\t\t\t\t<img loading=\"lazy\" decoding=\"async\" width=\"1024\" height=\"683\" src=\"https:\/\/bmacademy.hu\/wp-content\/uploads\/2026\/02\/Nevtelen-terv-5-1024x683.png\" class=\"attachment-large size-large wp-image-525\" alt=\"\" srcset=\"https:\/\/bmacademy.hu\/wp-content\/uploads\/2026\/02\/Nevtelen-terv-5-1024x683.png 1024w, https:\/\/bmacademy.hu\/wp-content\/uploads\/2026\/02\/Nevtelen-terv-5-300x200.png 300w, https:\/\/bmacademy.hu\/wp-content\/uploads\/2026\/02\/Nevtelen-terv-5-768x512.png 768w, https:\/\/bmacademy.hu\/wp-content\/uploads\/2026\/02\/Nevtelen-terv-5.png 1536w\" sizes=\"(max-width: 1024px) 100vw, 1024px\" \/>\t\t\t\t\t\t\t\t<\/a>\n\t\t\t\t\t\t\t\t\t\t\t\t\t\t\t<\/div>\n\t\t\t\t<div class=\"elementor-element elementor-element-0d09057 elementor-widget elementor-widget-heading\" data-id=\"0d09057\" data-element_type=\"widget\" data-widget_type=\"heading.default\">\n\t\t\t\t\t<h2 class=\"elementor-heading-title elementor-size-default\">Speci\u00e1lis kurzusaink<\/h2>\t\t\t\t<\/div>\n\t\t\t\t<div class=\"elementor-element elementor-element-c16dfb4 elementor-align-center elementor-widget elementor-widget-button\" data-id=\"c16dfb4\" data-element_type=\"widget\" data-widget_type=\"button.default\">\n\t\t\t\t\t\t\t\t\t\t<a class=\"elementor-button elementor-button-link elementor-size-sm\" href=\"https:\/\/bmacademy.hu\/index.php\/kurzusaink\/\">\n\t\t\t\t\t\t<span class=\"elementor-button-content-wrapper\">\n\t\t\t\t\t\t\t\t\t<span class=\"elementor-button-text\">Kurzusok megtekint\u00e9se<\/span>\n\t\t\t\t\t<\/span>\n\t\t\t\t\t<\/a>\n\t\t\t\t\t\t\t\t<\/div>\n\t\t\t\t<\/div>\n\t\t\t\t<\/div>\n\t\t\t\t<\/div>\n\t\t\t\t\t<\/div>\n\t\t\t\t<\/div>\n\t\t<div class=\"elementor-element elementor-element-a2e49df e-flex e-con-boxed e-con e-parent\" data-id=\"a2e49df\" data-element_type=\"container\">\n\t\t\t\t\t<div class=\"e-con-inner\">\n\t\t\t\t<div class=\"elementor-element elementor-element-896b098 elementor-widget-divider--view-line elementor-widget elementor-widget-divider\" data-id=\"896b098\" data-element_type=\"widget\" data-widget_type=\"divider.default\">\n\t\t\t\t\t\t\t<div class=\"elementor-divider\">\n\t\t\t<span class=\"elementor-divider-separator\">\n\t\t\t\t\t\t<\/span>\n\t\t<\/div>\n\t\t\t\t\t\t<\/div>\n\t\t\t\t\t<\/div>\n\t\t\t\t<\/div>\n\t\t<div class=\"elementor-element elementor-element-e75cbd8 e-flex e-con-boxed e-con e-parent\" data-id=\"e75cbd8\" data-element_type=\"container\">\n\t\t\t\t\t<div class=\"e-con-inner\">\n\t\t\t\t<div class=\"elementor-element elementor-element-8088068 elementor-absolute elementor-mobile-align-center elementor-widget elementor-widget-button\" data-id=\"8088068\" data-element_type=\"widget\" data-settings=\"{&quot;_position&quot;:&quot;absolute&quot;}\" data-widget_type=\"button.default\">\n\t\t\t\t\t\t\t\t\t\t<a class=\"elementor-button elementor-button-link elementor-size-sm\" href=\"https:\/\/bmacademy.hu\/index.php\/tanfolyam\/\">\n\t\t\t\t\t\t<span class=\"elementor-button-content-wrapper\">\n\t\t\t\t\t\t\t\t\t<span class=\"elementor-button-text\">Kutyakozmetikus k\u00e9pz\u00e9s megtekint\u00e9se<\/span>\n\t\t\t\t\t<\/span>\n\t\t\t\t\t<\/a>\n\t\t\t\t\t\t\t\t<\/div>\n\t\t\t\t\t<\/div>\n\t\t\t\t<\/div>\n\t\t\t\t<\/div>\n\t\t","protected":false},"excerpt":{"rendered":"<p>Modern nemzetk\u00f6zi szeml\u00e9let\u0171 kutyakozmetikus oktat\u00e1s &#8211; ahol a precizit\u00e1s \u00e9s a m\u0171v\u00e9szet tal\u00e1lkozik. Grooming Academy Beatrix Megyesi International Tanfolyamok Kapcsolat [&hellip;]<\/p>\n","protected":false},"author":1,"featured_media":0,"parent":0,"menu_order":0,"comment_status":"closed","ping_status":"closed","template":"","meta":{"site-sidebar-layout":"no-sidebar","site-content-layout":"","ast-site-content-layout":"full-width-container","site-content-style":"default","site-sidebar-style":"default","ast-global-header-display":"","ast-banner-title-visibility":"","ast-main-header-display":"","ast-hfb-above-header-display":"","ast-hfb-below-header-display":"","ast-hfb-mobile-header-display":"","site-post-title":"disabled","ast-breadcrumbs-content":"","ast-featured-img":"disabled","footer-sml-layout":"","ast-disable-related-posts":"","theme-transparent-header-meta":"","adv-header-id-meta":"","stick-header-meta":"","header-above-stick-meta":"","header-main-stick-meta":"","header-below-stick-meta":"","astra-migrate-meta-layouts":"default","ast-page-background-enabled":"default","ast-page-background-meta":{"desktop":{"background-color":"var(--ast-global-color-5)","background-image":"","background-repeat":"repeat","background-position":"center center","background-size":"auto","background-attachment":"scroll","background-type":"","background-media":"","overlay-type":"","overlay-color":"","overlay-opacity":"","overlay-gradient":""},"tablet":{"background-color":"","background-image":"","background-repeat":"repeat","background-position":"center center","background-size":"auto","background-attachment":"scroll","background-type":"","background-media":"","overlay-type":"","overlay-color":"","overlay-opacity":"","overlay-gradient":""},"mobile":{"background-color":"","background-image":"","background-repeat":"repeat","background-position":"center center","background-size":"auto","background-attachment":"scroll","background-type":"","background-media":"","overlay-type":"","overlay-color":"","overlay-opacity":"","overlay-gradient":""}},"ast-content-background-meta":{"desktop":{"background-color":"var(--ast-global-color-4)","background-image":"","background-repeat":"repeat","background-position":"center center","background-size":"auto","background-attachment":"scroll","background-type":"","background-media":"","overlay-type":"","overlay-color":"","overlay-opacity":"","overlay-gradient":""},"tablet":{"background-color":"var(--ast-global-color-4)","background-image":"","background-repeat":"repeat","background-position":"center center","background-size":"auto","background-attachment":"scroll","background-type":"","background-media":"","overlay-type":"","overlay-color":"","overlay-opacity":"","overlay-gradient":""},"mobile":{"background-color":"var(--ast-global-color-4)","background-image":"","background-repeat":"repeat","background-position":"center center","background-size":"auto","background-attachment":"scroll","background-type":"","background-media":"","overlay-type":"","overlay-color":"","overlay-opacity":"","overlay-gradient":""}},"footnotes":""},"class_list":["post-14","page","type-page","status-publish","hentry"],"_links":{"self":[{"href":"https:\/\/bmacademy.hu\/index.php\/wp-json\/wp\/v2\/pages\/14","targetHints":{"allow":["GET"]}}],"collection":[{"href":"https:\/\/bmacademy.hu\/index.php\/wp-json\/wp\/v2\/pages"}],"about":[{"href":"https:\/\/bmacademy.hu\/index.php\/wp-json\/wp\/v2\/types\/page"}],"author":[{"embeddable":true,"href":"https:\/\/bmacademy.hu\/index.php\/wp-json\/wp\/v2\/users\/1"}],"replies":[{"embeddable":true,"href":"https:\/\/bmacademy.hu\/index.php\/wp-json\/wp\/v2\/comments?post=14"}],"version-history":[{"count":377,"href":"https:\/\/bmacademy.hu\/index.php\/wp-json\/wp\/v2\/pages\/14\/revisions"}],"predecessor-version":[{"id":1379,"href":"https:\/\/bmacademy.hu\/index.php\/wp-json\/wp\/v2\/pages\/14\/revisions\/1379"}],"wp:attachment":[{"href":"https:\/\/bmacademy.hu\/index.php\/wp-json\/wp\/v2\/media?parent=14"}],"curies":[{"name":"wp","href":"https:\/\/api.w.org\/{rel}","templated":true}]}}