{"id":505,"date":"2026-02-05T16:26:54","date_gmt":"2026-02-05T16:26:54","guid":{"rendered":"https:\/\/bmacademy.hu\/?page_id=505"},"modified":"2026-02-22T21:26:14","modified_gmt":"2026-02-22T21:26:14","slug":"kurzusaink","status":"publish","type":"page","link":"https:\/\/bmacademy.hu\/index.php\/kurzusaink\/","title":{"rendered":"KURZUSAINK"},"content":{"rendered":"\t\t<div data-elementor-type=\"wp-page\" data-elementor-id=\"505\" class=\"elementor elementor-505\">\n\t\t\t\t<div class=\"elementor-element elementor-element-110d19a e-flex e-con-boxed e-con e-parent\" data-id=\"110d19a\" data-element_type=\"container\" data-settings=\"{&quot;background_background&quot;:&quot;slideshow&quot;,&quot;background_slideshow_gallery&quot;:[{&quot;id&quot;:1104,&quot;url&quot;:&quot;https:\\\/\\\/bmacademy.hu\\\/wp-content\\\/uploads\\\/2026\\\/02\\\/Fekete-es-Feher-Modell-Szepseg-Smink-Facebook-Borito.png&quot;}],&quot;background_slideshow_loop&quot;:&quot;yes&quot;,&quot;background_slideshow_slide_duration&quot;:5000,&quot;background_slideshow_slide_transition&quot;:&quot;fade&quot;,&quot;background_slideshow_transition_duration&quot;:500}\">\n\t\t\t\t\t<div class=\"e-con-inner\">\n\t\t\t\t<div class=\"elementor-element elementor-element-52e5035 elementor-widget elementor-widget-heading\" data-id=\"52e5035\" data-element_type=\"widget\" data-widget_type=\"heading.default\">\n\t\t\t\t\t<h2 class=\"elementor-heading-title elementor-size-default\">KURZUSAINK<\/h2>\t\t\t\t<\/div>\n\t\t\t\t\t<\/div>\n\t\t\t\t<\/div>\n\t\t<div class=\"elementor-element elementor-element-731f51f e-flex e-con-boxed e-con e-parent\" data-id=\"731f51f\" data-element_type=\"container\">\n\t\t\t\t\t<div class=\"e-con-inner\">\n\t\t<div class=\"elementor-element elementor-element-112a745 e-con-full e-flex e-con e-child\" data-id=\"112a745\" data-element_type=\"container\">\n\t\t<div class=\"elementor-element elementor-element-294a69a e-con-full e-flex elementor-invisible e-con e-child\" data-id=\"294a69a\" data-element_type=\"container\" data-settings=\"{&quot;animation&quot;:&quot;fadeInDown&quot;}\">\n\t\t\t\t<div class=\"elementor-element elementor-element-b55f6b9 elementor-widget elementor-widget-image\" data-id=\"b55f6b9\" data-element_type=\"widget\" data-widget_type=\"image.default\">\n\t\t\t\t\t\t\t\t\t\t\t\t\t\t\t\t<a href=\"https:\/\/bmacademy.hu\/index.php\/pomeranian-grooming-course-2\/\">\n\t\t\t\t\t\t\t<img fetchpriority=\"high\" decoding=\"async\" width=\"683\" height=\"1024\" src=\"https:\/\/bmacademy.hu\/wp-content\/uploads\/2026\/02\/B2025000239-2-683x1024.png\" class=\"attachment-large size-large wp-image-555\" alt=\"\" srcset=\"https:\/\/bmacademy.hu\/wp-content\/uploads\/2026\/02\/B2025000239-2-683x1024.png 683w, https:\/\/bmacademy.hu\/wp-content\/uploads\/2026\/02\/B2025000239-2-200x300.png 200w, https:\/\/bmacademy.hu\/wp-content\/uploads\/2026\/02\/B2025000239-2-768x1152.png 768w, https:\/\/bmacademy.hu\/wp-content\/uploads\/2026\/02\/B2025000239-2.png 1024w\" sizes=\"(max-width: 683px) 100vw, 683px\" \/>\t\t\t\t\t\t\t\t<\/a>\n\t\t\t\t\t\t\t\t\t\t\t\t\t\t\t<\/div>\n\t\t\t\t<div class=\"elementor-element elementor-element-b5c35e2 elementor-widget elementor-widget-heading\" data-id=\"b5c35e2\" data-element_type=\"widget\" data-widget_type=\"heading.default\">\n\t\t\t\t\t<h6 class=\"elementor-heading-title elementor-size-default\"><a href=\"https:\/\/bmacademy.hu\/index.php\/pomeranian-grooming-course-2\/\">POMERANIAN GROOMING<br>COURSE<\/a><\/h6>\t\t\t\t<\/div>\n\t\t\t\t<div class=\"elementor-element elementor-element-d409d89 elementor-align-center elementor-widget elementor-widget-button\" data-id=\"d409d89\" data-element_type=\"widget\" data-widget_type=\"button.default\">\n\t\t\t\t\t\t\t\t\t\t<a class=\"elementor-button elementor-button-link elementor-size-sm\" href=\"https:\/\/bmacademy.hu\/index.php\/pomeranian-grooming-course-2\/\">\n\t\t\t\t\t\t<span class=\"elementor-button-content-wrapper\">\n\t\t\t\t\t\t\t\t\t<span class=\"elementor-button-text\">\u00c9RDEKEL<\/span>\n\t\t\t\t\t<\/span>\n\t\t\t\t\t<\/a>\n\t\t\t\t\t\t\t\t<\/div>\n\t\t\t\t<\/div>\n\t\t<div class=\"elementor-element elementor-element-22a1086 e-con-full e-flex elementor-invisible e-con e-child\" data-id=\"22a1086\" data-element_type=\"container\" data-settings=\"{&quot;animation&quot;:&quot;fadeInDown&quot;}\">\n\t\t\t\t<div class=\"elementor-element elementor-element-0fbd95c elementor-widget elementor-widget-image\" data-id=\"0fbd95c\" data-element_type=\"widget\" data-widget_type=\"image.default\">\n\t\t\t\t\t\t\t\t\t\t\t\t\t\t\t\t<a href=\"https:\/\/bmacademy.hu\/index.php\/poodle-show-grooming-course\/\">\n\t\t\t\t\t\t\t<img decoding=\"async\" width=\"683\" height=\"1024\" src=\"https:\/\/bmacademy.hu\/wp-content\/uploads\/2026\/02\/B2025000239-3-683x1024.png\" class=\"attachment-large size-large wp-image-556\" alt=\"\" srcset=\"https:\/\/bmacademy.hu\/wp-content\/uploads\/2026\/02\/B2025000239-3-683x1024.png 683w, https:\/\/bmacademy.hu\/wp-content\/uploads\/2026\/02\/B2025000239-3-200x300.png 200w, https:\/\/bmacademy.hu\/wp-content\/uploads\/2026\/02\/B2025000239-3-768x1152.png 768w, https:\/\/bmacademy.hu\/wp-content\/uploads\/2026\/02\/B2025000239-3.png 1024w\" sizes=\"(max-width: 683px) 100vw, 683px\" \/>\t\t\t\t\t\t\t\t<\/a>\n\t\t\t\t\t\t\t\t\t\t\t\t\t\t\t<\/div>\n\t\t\t\t<div class=\"elementor-element elementor-element-798083d elementor-widget elementor-widget-heading\" data-id=\"798083d\" data-element_type=\"widget\" data-widget_type=\"heading.default\">\n\t\t\t\t\t<h6 class=\"elementor-heading-title elementor-size-default\"><a href=\"https:\/\/bmacademy.hu\/index.php\/poodle-show-grooming-course\/\">POODLE SHOW GROOMING COURSE<\/a><\/h6>\t\t\t\t<\/div>\n\t\t\t\t<div class=\"elementor-element elementor-element-5b94f49 elementor-align-center elementor-widget elementor-widget-button\" data-id=\"5b94f49\" data-element_type=\"widget\" data-widget_type=\"button.default\">\n\t\t\t\t\t\t\t\t\t\t<a class=\"elementor-button elementor-button-link elementor-size-sm\" href=\"https:\/\/bmacademy.hu\/index.php\/poodle-show-grooming-course\/\" id=\"https:\/\/bmacademy.hu\/index.php\/poodle-show-grooming-course\/\">\n\t\t\t\t\t\t<span class=\"elementor-button-content-wrapper\">\n\t\t\t\t\t\t\t\t\t<span class=\"elementor-button-text\">\u00c9RDEKEL<\/span>\n\t\t\t\t\t<\/span>\n\t\t\t\t\t<\/a>\n\t\t\t\t\t\t\t\t<\/div>\n\t\t\t\t<\/div>\n\t\t<div class=\"elementor-element elementor-element-3f960a8 e-con-full e-flex elementor-invisible e-con e-child\" data-id=\"3f960a8\" data-element_type=\"container\" data-settings=\"{&quot;background_background&quot;:&quot;classic&quot;,&quot;animation&quot;:&quot;fadeInDown&quot;}\">\n\t\t\t\t<div class=\"elementor-element elementor-element-548f763 elementor-widget elementor-widget-image\" data-id=\"548f763\" data-element_type=\"widget\" data-widget_type=\"image.default\">\n\t\t\t\t\t\t\t\t\t\t\t\t\t\t\t\t<a href=\"https:\/\/bmacademy.hu\/index.php\/asian-style-course\/\">\n\t\t\t\t\t\t\t<img decoding=\"async\" width=\"683\" height=\"1024\" src=\"https:\/\/bmacademy.hu\/wp-content\/uploads\/2026\/02\/B2025000239-4-1-683x1024.png\" class=\"attachment-large size-large wp-image-608\" alt=\"\" srcset=\"https:\/\/bmacademy.hu\/wp-content\/uploads\/2026\/02\/B2025000239-4-1-683x1024.png 683w, https:\/\/bmacademy.hu\/wp-content\/uploads\/2026\/02\/B2025000239-4-1-200x300.png 200w, https:\/\/bmacademy.hu\/wp-content\/uploads\/2026\/02\/B2025000239-4-1-768x1152.png 768w, https:\/\/bmacademy.hu\/wp-content\/uploads\/2026\/02\/B2025000239-4-1.png 1024w\" sizes=\"(max-width: 683px) 100vw, 683px\" \/>\t\t\t\t\t\t\t\t<\/a>\n\t\t\t\t\t\t\t\t\t\t\t\t\t\t\t<\/div>\n\t\t\t\t<div class=\"elementor-element elementor-element-b7cebbc elementor-widget elementor-widget-heading\" data-id=\"b7cebbc\" data-element_type=\"widget\" data-widget_type=\"heading.default\">\n\t\t\t\t\t<h6 class=\"elementor-heading-title elementor-size-default\"><a href=\"https:\/\/bmacademy.hu\/index.php\/asian-style-course\/\">ASIAN STYLE \nCOURSE<\/a><\/h6>\t\t\t\t<\/div>\n\t\t\t\t<div class=\"elementor-element elementor-element-188f296 elementor-align-center elementor-widget__width-inherit elementor-widget elementor-widget-button\" data-id=\"188f296\" data-element_type=\"widget\" data-widget_type=\"button.default\">\n\t\t\t\t\t\t\t\t\t\t<a class=\"elementor-button elementor-button-link elementor-size-sm\" href=\"https:\/\/bmacademy.hu\/index.php\/asian-style-course\/\" id=\"https:\/\/bmacademy.hu\/index.php\/asian-style-course\/\">\n\t\t\t\t\t\t<span class=\"elementor-button-content-wrapper\">\n\t\t\t\t\t\t\t\t\t<span class=\"elementor-button-text\">\u00c9RDEKEL<\/span>\n\t\t\t\t\t<\/span>\n\t\t\t\t\t<\/a>\n\t\t\t\t\t\t\t\t<\/div>\n\t\t\t\t<\/div>\n\t\t\t\t<\/div>\n\t\t\t\t\t<\/div>\n\t\t\t\t<\/div>\n\t\t<div class=\"elementor-element elementor-element-c6c388a e-flex e-con-boxed e-con e-parent\" data-id=\"c6c388a\" data-element_type=\"container\">\n\t\t\t\t\t<div class=\"e-con-inner\">\n\t\t<div class=\"elementor-element elementor-element-e95e74b e-con-full e-flex e-con e-child\" data-id=\"e95e74b\" data-element_type=\"container\">\n\t\t<div class=\"elementor-element elementor-element-c270bb6 e-con-full e-flex e-con e-child\" data-id=\"c270bb6\" data-element_type=\"container\">\n\t\t<div class=\"elementor-element elementor-element-dde2176 e-con-full e-flex elementor-invisible e-con e-child\" data-id=\"dde2176\" data-element_type=\"container\" data-settings=\"{&quot;animation&quot;:&quot;fadeInDown&quot;}\">\n\t\t\t\t<div class=\"elementor-element elementor-element-ccf69ba elementor-widget elementor-widget-image\" data-id=\"ccf69ba\" data-element_type=\"widget\" data-widget_type=\"image.default\">\n\t\t\t\t\t\t\t\t\t\t\t\t\t\t\t\t<a href=\"https:\/\/bmacademy.hu\/index.php\/modeel-dog-course\/\">\n\t\t\t\t\t\t\t<img loading=\"lazy\" decoding=\"async\" width=\"683\" height=\"1024\" src=\"https:\/\/bmacademy.hu\/wp-content\/uploads\/2026\/02\/B2025000239-1-683x1024.png\" class=\"attachment-large size-large wp-image-558\" alt=\"\" srcset=\"https:\/\/bmacademy.hu\/wp-content\/uploads\/2026\/02\/B2025000239-1-683x1024.png 683w, https:\/\/bmacademy.hu\/wp-content\/uploads\/2026\/02\/B2025000239-1-200x300.png 200w, https:\/\/bmacademy.hu\/wp-content\/uploads\/2026\/02\/B2025000239-1-768x1152.png 768w, https:\/\/bmacademy.hu\/wp-content\/uploads\/2026\/02\/B2025000239-1.png 1024w\" sizes=\"(max-width: 683px) 100vw, 683px\" \/>\t\t\t\t\t\t\t\t<\/a>\n\t\t\t\t\t\t\t\t\t\t\t\t\t\t\t<\/div>\n\t\t\t\t<div class=\"elementor-element elementor-element-28b9985 elementor-widget elementor-widget-heading\" data-id=\"28b9985\" data-element_type=\"widget\" data-widget_type=\"heading.default\">\n\t\t\t\t\t<h6 class=\"elementor-heading-title elementor-size-default\"><a href=\"https:\/\/bmacademy.hu\/index.php\/modeel-dog-course\/\">MODEL DOG SPA<\/a><\/h6>\t\t\t\t<\/div>\n\t\t\t\t<div class=\"elementor-element elementor-element-6b3b73e elementor-align-center elementor-widget elementor-widget-button\" data-id=\"6b3b73e\" data-element_type=\"widget\" data-widget_type=\"button.default\">\n\t\t\t\t\t\t\t\t\t\t<a class=\"elementor-button elementor-button-link elementor-size-sm\" href=\"https:\/\/bmacademy.hu\/index.php\/modeel-dog-course\/\">\n\t\t\t\t\t\t<span class=\"elementor-button-content-wrapper\">\n\t\t\t\t\t\t\t\t\t<span class=\"elementor-button-text\">\u00c9RDEKEL<\/span>\n\t\t\t\t\t<\/span>\n\t\t\t\t\t<\/a>\n\t\t\t\t\t\t\t\t<\/div>\n\t\t\t\t<\/div>\n\t\t<div class=\"elementor-element elementor-element-edaa04d e-flex e-con-boxed elementor-invisible e-con e-child\" data-id=\"edaa04d\" data-element_type=\"container\" data-settings=\"{&quot;animation&quot;:&quot;fadeInDown&quot;}\">\n\t\t\t\t\t<div class=\"e-con-inner\">\n\t\t\t\t<div class=\"elementor-element elementor-element-a8b8751 elementor-widget elementor-widget-image\" data-id=\"a8b8751\" data-element_type=\"widget\" data-widget_type=\"image.default\">\n\t\t\t\t\t\t\t\t\t\t\t\t\t\t\t\t<a href=\"https:\/\/bmacademy.hu\/index.php\/creative-coloring-course\/\">\n\t\t\t\t\t\t\t<img loading=\"lazy\" decoding=\"async\" width=\"683\" height=\"1024\" src=\"https:\/\/bmacademy.hu\/wp-content\/uploads\/2026\/02\/B2025000239-5-683x1024.png\" class=\"attachment-large size-large wp-image-559\" alt=\"\" srcset=\"https:\/\/bmacademy.hu\/wp-content\/uploads\/2026\/02\/B2025000239-5-683x1024.png 683w, https:\/\/bmacademy.hu\/wp-content\/uploads\/2026\/02\/B2025000239-5-200x300.png 200w, https:\/\/bmacademy.hu\/wp-content\/uploads\/2026\/02\/B2025000239-5-768x1152.png 768w, https:\/\/bmacademy.hu\/wp-content\/uploads\/2026\/02\/B2025000239-5.png 1024w\" sizes=\"(max-width: 683px) 100vw, 683px\" \/>\t\t\t\t\t\t\t\t<\/a>\n\t\t\t\t\t\t\t\t\t\t\t\t\t\t\t<\/div>\n\t\t\t\t<div class=\"elementor-element elementor-element-d01127b elementor-widget elementor-widget-heading\" data-id=\"d01127b\" data-element_type=\"widget\" data-widget_type=\"heading.default\">\n\t\t\t\t\t<h6 class=\"elementor-heading-title elementor-size-default\"><a href=\"https:\/\/bmacademy.hu\/index.php\/creative-coloring-course\/\">CREATIVE DOG COURSE<\/a><\/h6>\t\t\t\t<\/div>\n\t\t\t\t<div class=\"elementor-element elementor-element-74ca56a elementor-align-center elementor-widget elementor-widget-button\" data-id=\"74ca56a\" data-element_type=\"widget\" data-widget_type=\"button.default\">\n\t\t\t\t\t\t\t\t\t\t<a class=\"elementor-button elementor-button-link elementor-size-sm\" href=\"https:\/\/bmacademy.hu\/index.php\/creative-coloring-course\/\">\n\t\t\t\t\t\t<span class=\"elementor-button-content-wrapper\">\n\t\t\t\t\t\t\t\t\t<span class=\"elementor-button-text\">\u00c9RDEKEL<\/span>\n\t\t\t\t\t<\/span>\n\t\t\t\t\t<\/a>\n\t\t\t\t\t\t\t\t<\/div>\n\t\t\t\t\t<\/div>\n\t\t\t\t<\/div>\n\t\t<div class=\"elementor-element elementor-element-0b0db99 e-con-full e-flex elementor-invisible e-con e-child\" data-id=\"0b0db99\" data-element_type=\"container\" data-settings=\"{&quot;background_background&quot;:&quot;classic&quot;,&quot;animation&quot;:&quot;fadeInDown&quot;}\">\n\t\t\t\t<div class=\"elementor-element elementor-element-40be56c elementor-widget elementor-widget-image\" data-id=\"40be56c\" data-element_type=\"widget\" data-widget_type=\"image.default\">\n\t\t\t\t\t\t\t\t\t\t\t\t\t\t\t\t<a href=\"https:\/\/bmacademy.hu\/index.php\/14-napos-kutyakozmetikus-kurzus\/\">\n\t\t\t\t\t\t\t<img loading=\"lazy\" decoding=\"async\" width=\"683\" height=\"1024\" src=\"https:\/\/bmacademy.hu\/wp-content\/uploads\/2026\/02\/B2025000239-6-683x1024.png\" class=\"attachment-large size-large wp-image-560\" alt=\"\" srcset=\"https:\/\/bmacademy.hu\/wp-content\/uploads\/2026\/02\/B2025000239-6-683x1024.png 683w, https:\/\/bmacademy.hu\/wp-content\/uploads\/2026\/02\/B2025000239-6-200x300.png 200w, https:\/\/bmacademy.hu\/wp-content\/uploads\/2026\/02\/B2025000239-6-768x1152.png 768w, https:\/\/bmacademy.hu\/wp-content\/uploads\/2026\/02\/B2025000239-6.png 1024w\" sizes=\"(max-width: 683px) 100vw, 683px\" \/>\t\t\t\t\t\t\t\t<\/a>\n\t\t\t\t\t\t\t\t\t\t\t\t\t\t\t<\/div>\n\t\t\t\t<div class=\"elementor-element elementor-element-9bcee83 elementor-widget elementor-widget-heading\" data-id=\"9bcee83\" data-element_type=\"widget\" data-widget_type=\"heading.default\">\n\t\t\t\t\t<h6 class=\"elementor-heading-title elementor-size-default\"><a href=\"https:\/\/bmacademy.hu\/index.php\/14-napos-kutyakozmetikus-kurzus\/\">14 NAPOS KUTYAKOZMETIKUS K\u00c9PZ\u00c9S<\/a><\/h6>\t\t\t\t<\/div>\n\t\t\t\t<div class=\"elementor-element elementor-element-6478c9e elementor-align-center elementor-widget__width-inherit elementor-widget elementor-widget-button\" data-id=\"6478c9e\" data-element_type=\"widget\" data-widget_type=\"button.default\">\n\t\t\t\t\t\t\t\t\t\t<a class=\"elementor-button elementor-button-link elementor-size-sm\" href=\"https:\/\/bmacademy.hu\/index.php\/14-napos-kutyakozmetikus-kurzus\/\" id=\"https:\/\/bmacademy.hu\/index.php\/asian-style-course\/\">\n\t\t\t\t\t\t<span class=\"elementor-button-content-wrapper\">\n\t\t\t\t\t\t\t\t\t<span class=\"elementor-button-text\">\u00c9RDEKEL<\/span>\n\t\t\t\t\t<\/span>\n\t\t\t\t\t<\/a>\n\t\t\t\t\t\t\t\t<\/div>\n\t\t\t\t<\/div>\n\t\t\t\t<\/div>\n\t\t\t\t<\/div>\n\t\t\t\t\t<\/div>\n\t\t\t\t<\/div>\n\t\t<div class=\"elementor-element elementor-element-7916f39 e-flex e-con-boxed e-con e-parent\" data-id=\"7916f39\" data-element_type=\"container\">\n\t\t\t\t\t<div class=\"e-con-inner\">\n\t\t<div class=\"elementor-element elementor-element-d41db1b e-con-full e-flex e-con e-child\" data-id=\"d41db1b\" data-element_type=\"container\">\n\t\t<div class=\"elementor-element elementor-element-0dbbb0a e-con-full e-flex e-con e-child\" data-id=\"0dbbb0a\" data-element_type=\"container\">\n\t\t<div class=\"elementor-element elementor-element-0c854a2 e-con-full e-flex e-con e-child\" data-id=\"0c854a2\" data-element_type=\"container\">\n\t\t<div class=\"elementor-element elementor-element-a771008 e-con-full e-flex elementor-invisible e-con e-child\" data-id=\"a771008\" data-element_type=\"container\" data-settings=\"{&quot;animation&quot;:&quot;fadeInDown&quot;}\">\n\t\t\t\t<div class=\"elementor-element elementor-element-e70d257 elementor-widget elementor-widget-image\" data-id=\"e70d257\" data-element_type=\"widget\" data-widget_type=\"image.default\">\n\t\t\t\t\t\t\t\t\t\t\t\t\t\t\t\t<a href=\"https:\/\/bmacademy.hu\/index.php\/kutyakozmetikus-asszisztens-kurzus\/\">\n\t\t\t\t\t\t\t<img loading=\"lazy\" decoding=\"async\" width=\"683\" height=\"1024\" src=\"https:\/\/bmacademy.hu\/wp-content\/uploads\/2026\/02\/B2025000239-7-683x1024.png\" class=\"attachment-large size-large wp-image-565\" alt=\"\" srcset=\"https:\/\/bmacademy.hu\/wp-content\/uploads\/2026\/02\/B2025000239-7-683x1024.png 683w, https:\/\/bmacademy.hu\/wp-content\/uploads\/2026\/02\/B2025000239-7-200x300.png 200w, https:\/\/bmacademy.hu\/wp-content\/uploads\/2026\/02\/B2025000239-7-768x1152.png 768w, https:\/\/bmacademy.hu\/wp-content\/uploads\/2026\/02\/B2025000239-7.png 1024w\" sizes=\"(max-width: 683px) 100vw, 683px\" \/>\t\t\t\t\t\t\t\t<\/a>\n\t\t\t\t\t\t\t\t\t\t\t\t\t\t\t<\/div>\n\t\t\t\t<div class=\"elementor-element elementor-element-7015da9 elementor-widget elementor-widget-heading\" data-id=\"7015da9\" data-element_type=\"widget\" data-widget_type=\"heading.default\">\n\t\t\t\t\t<h6 class=\"elementor-heading-title elementor-size-default\"><a href=\"https:\/\/bmacademy.hu\/index.php\/kutyakozmetikus-asszisztens-kurzus\/\">KUTYAKOZMETIKUS ASSZISZTENS<\/a><\/h6>\t\t\t\t<\/div>\n\t\t\t\t<div class=\"elementor-element elementor-element-7e38c25 elementor-align-center elementor-widget elementor-widget-button\" data-id=\"7e38c25\" data-element_type=\"widget\" data-widget_type=\"button.default\">\n\t\t\t\t\t\t\t\t\t\t<a class=\"elementor-button elementor-button-link elementor-size-sm\" href=\"https:\/\/bmacademy.hu\/index.php\/kutyakozmetikus-asszisztens-kurzus\/\">\n\t\t\t\t\t\t<span class=\"elementor-button-content-wrapper\">\n\t\t\t\t\t\t\t\t\t<span class=\"elementor-button-text\">\u00c9RDEKEL<\/span>\n\t\t\t\t\t<\/span>\n\t\t\t\t\t<\/a>\n\t\t\t\t\t\t\t\t<\/div>\n\t\t\t\t<\/div>\n\t\t<div class=\"elementor-element elementor-element-5ab66b6 e-flex e-con-boxed elementor-invisible e-con e-child\" data-id=\"5ab66b6\" data-element_type=\"container\" data-settings=\"{&quot;animation&quot;:&quot;fadeInDown&quot;}\">\n\t\t\t\t\t<div class=\"e-con-inner\">\n\t\t\t\t<div class=\"elementor-element elementor-element-b5d4803 elementor-widget elementor-widget-image\" data-id=\"b5d4803\" data-element_type=\"widget\" data-widget_type=\"image.default\">\n\t\t\t\t\t\t\t\t\t\t\t\t\t\t\t\t<a href=\"https:\/\/bmacademy.hu\/index.php\/luxus-dog-spa-course\/\">\n\t\t\t\t\t\t\t<img loading=\"lazy\" decoding=\"async\" width=\"683\" height=\"1024\" src=\"https:\/\/bmacademy.hu\/wp-content\/uploads\/2026\/02\/B2025000239-6-1-683x1024.png\" class=\"attachment-large size-large wp-image-564\" alt=\"\" srcset=\"https:\/\/bmacademy.hu\/wp-content\/uploads\/2026\/02\/B2025000239-6-1-683x1024.png 683w, https:\/\/bmacademy.hu\/wp-content\/uploads\/2026\/02\/B2025000239-6-1-200x300.png 200w, https:\/\/bmacademy.hu\/wp-content\/uploads\/2026\/02\/B2025000239-6-1-768x1152.png 768w, https:\/\/bmacademy.hu\/wp-content\/uploads\/2026\/02\/B2025000239-6-1.png 1024w\" sizes=\"(max-width: 683px) 100vw, 683px\" \/>\t\t\t\t\t\t\t\t<\/a>\n\t\t\t\t\t\t\t\t\t\t\t\t\t\t\t<\/div>\n\t\t\t\t<div class=\"elementor-element elementor-element-2426498 elementor-widget elementor-widget-heading\" data-id=\"2426498\" data-element_type=\"widget\" data-widget_type=\"heading.default\">\n\t\t\t\t\t<h6 class=\"elementor-heading-title elementor-size-default\"><a href=\"https:\/\/bmacademy.hu\/index.php\/luxus-dog-spa-course\/\">LUXUS DOG SPA<\/a><\/h6>\t\t\t\t<\/div>\n\t\t\t\t<div class=\"elementor-element elementor-element-861a01f elementor-align-center elementor-widget elementor-widget-button\" data-id=\"861a01f\" data-element_type=\"widget\" data-widget_type=\"button.default\">\n\t\t\t\t\t\t\t\t\t\t<a class=\"elementor-button elementor-button-link elementor-size-sm\" href=\"https:\/\/bmacademy.hu\/index.php\/luxus-dog-spa-course\/\">\n\t\t\t\t\t\t<span class=\"elementor-button-content-wrapper\">\n\t\t\t\t\t\t\t\t\t<span class=\"elementor-button-text\">\u00c9RDEKEL<\/span>\n\t\t\t\t\t<\/span>\n\t\t\t\t\t<\/a>\n\t\t\t\t\t\t\t\t<\/div>\n\t\t\t\t\t<\/div>\n\t\t\t\t<\/div>\n\t\t\t\t<\/div>\n\t\t\t\t<\/div>\n\t\t\t\t<\/div>\n\t\t\t\t\t<\/div>\n\t\t\t\t<\/div>\n\t\t\t\t<\/div>\n\t\t","protected":false},"excerpt":{"rendered":"<p>KURZUSAINK POMERANIAN GROOMINGCOURSE \u00c9RDEKEL POODLE SHOW GROOMING COURSE \u00c9RDEKEL ASIAN STYLE COURSE \u00c9RDEKEL MODEL DOG SPA \u00c9RDEKEL CREATIVE DOG COURSE [&hellip;]<\/p>\n","protected":false},"author":1,"featured_media":0,"parent":0,"menu_order":0,"comment_status":"closed","ping_status":"closed","template":"","meta":{"site-sidebar-layout":"no-sidebar","site-content-layout":"","ast-site-content-layout":"full-width-container","site-content-style":"default","site-sidebar-style":"default","ast-global-header-display":"","ast-banner-title-visibility":"","ast-main-header-display":"","ast-hfb-above-header-display":"","ast-hfb-below-header-display":"","ast-hfb-mobile-header-display":"","site-post-title":"disabled","ast-breadcrumbs-content":"","ast-featured-img":"disabled","footer-sml-layout":"","ast-disable-related-posts":"","theme-transparent-header-meta":"","adv-header-id-meta":"","stick-header-meta":"","header-above-stick-meta":"","header-main-stick-meta":"","header-below-stick-meta":"","astra-migrate-meta-layouts":"default","ast-page-background-enabled":"default","ast-page-background-meta":{"desktop":{"background-color":"var(--ast-global-color-5)","background-image":"","background-repeat":"repeat","background-position":"center center","background-size":"auto","background-attachment":"scroll","background-type":"","background-media":"","overlay-type":"","overlay-color":"","overlay-opacity":"","overlay-gradient":""},"tablet":{"background-color":"","background-image":"","background-repeat":"repeat","background-position":"center center","background-size":"auto","background-attachment":"scroll","background-type":"","background-media":"","overlay-type":"","overlay-color":"","overlay-opacity":"","overlay-gradient":""},"mobile":{"background-color":"","background-image":"","background-repeat":"repeat","background-position":"center center","background-size":"auto","background-attachment":"scroll","background-type":"","background-media":"","overlay-type":"","overlay-color":"","overlay-opacity":"","overlay-gradient":""}},"ast-content-background-meta":{"desktop":{"background-color":"var(--ast-global-color-4)","background-image":"","background-repeat":"repeat","background-position":"center center","background-size":"auto","background-attachment":"scroll","background-type":"","background-media":"","overlay-type":"","overlay-color":"","overlay-opacity":"","overlay-gradient":""},"tablet":{"background-color":"var(--ast-global-color-4)","background-image":"","background-repeat":"repeat","background-position":"center center","background-size":"auto","background-attachment":"scroll","background-type":"","background-media":"","overlay-type":"","overlay-color":"","overlay-opacity":"","overlay-gradient":""},"mobile":{"background-color":"var(--ast-global-color-4)","background-image":"","background-repeat":"repeat","background-position":"center center","background-size":"auto","background-attachment":"scroll","background-type":"","background-media":"","overlay-type":"","overlay-color":"","overlay-opacity":"","overlay-gradient":""}},"footnotes":""},"class_list":["post-505","page","type-page","status-publish","hentry"],"_links":{"self":[{"href":"https:\/\/bmacademy.hu\/index.php\/wp-json\/wp\/v2\/pages\/505","targetHints":{"allow":["GET"]}}],"collection":[{"href":"https:\/\/bmacademy.hu\/index.php\/wp-json\/wp\/v2\/pages"}],"about":[{"href":"https:\/\/bmacademy.hu\/index.php\/wp-json\/wp\/v2\/types\/page"}],"author":[{"embeddable":true,"href":"https:\/\/bmacademy.hu\/index.php\/wp-json\/wp\/v2\/users\/1"}],"replies":[{"embeddable":true,"href":"https:\/\/bmacademy.hu\/index.php\/wp-json\/wp\/v2\/comments?post=505"}],"version-history":[{"count":152,"href":"https:\/\/bmacademy.hu\/index.php\/wp-json\/wp\/v2\/pages\/505\/revisions"}],"predecessor-version":[{"id":1359,"href":"https:\/\/bmacademy.hu\/index.php\/wp-json\/wp\/v2\/pages\/505\/revisions\/1359"}],"wp:attachment":[{"href":"https:\/\/bmacademy.hu\/index.php\/wp-json\/wp\/v2\/media?parent=505"}],"curies":[{"name":"wp","href":"https:\/\/api.w.org\/{rel}","templated":true}]}}