{"id":653,"date":"2026-02-09T15:30:54","date_gmt":"2026-02-09T15:30:54","guid":{"rendered":"https:\/\/bmacademy.hu\/?page_id=653"},"modified":"2026-02-22T16:28:44","modified_gmt":"2026-02-22T16:28:44","slug":"luxus-dog-spa-course","status":"publish","type":"page","link":"https:\/\/bmacademy.hu\/index.php\/luxus-dog-spa-course\/","title":{"rendered":"Luxus Dog Spa Course"},"content":{"rendered":"\t\t<div data-elementor-type=\"wp-page\" data-elementor-id=\"653\" class=\"elementor elementor-653\">\n\t\t\t\t<div class=\"elementor-element elementor-element-94f4f09 e-con-full e-flex elementor-invisible e-con e-parent\" data-id=\"94f4f09\" data-element_type=\"container\" data-settings=\"{&quot;background_background&quot;:&quot;gradient&quot;,&quot;animation&quot;:&quot;bounceIn&quot;}\">\n\t\t<div class=\"elementor-element elementor-element-44de3a3 e-con-full e-flex e-con e-child\" data-id=\"44de3a3\" data-element_type=\"container\">\n\t\t\t\t<div class=\"elementor-element elementor-element-ac7c887 elementor-widget__width-inherit elementor-widget-mobile__width-inherit elementor-widget elementor-widget-heading\" data-id=\"ac7c887\" data-element_type=\"widget\" data-widget_type=\"heading.default\">\n\t\t\t\t\t<h2 class=\"elementor-heading-title elementor-size-default\">LUXUS DOG SPA<\/h2>\t\t\t\t<\/div>\n\t\t\t\t<\/div>\n\t\t\t\t<\/div>\n\t\t<div class=\"elementor-element elementor-element-d12fbee e-flex e-con-boxed elementor-invisible e-con e-parent\" data-id=\"d12fbee\" data-element_type=\"container\" data-settings=\"{&quot;background_background&quot;:&quot;classic&quot;,&quot;animation&quot;:&quot;bounceIn&quot;}\">\n\t\t\t\t\t<div class=\"e-con-inner\">\n\t\t\t\t<div class=\"elementor-element elementor-element-597b642 elementor-invisible elementor-widget elementor-widget-text-editor\" data-id=\"597b642\" data-element_type=\"widget\" data-settings=\"{&quot;_animation&quot;:&quot;zoomIn&quot;}\" data-widget_type=\"text-editor.default\">\n\t\t\t\t\t\t\t\t\t<p>1 napos Pr\u00e9mium K\u00e9pz\u00e9s<\/p><p>A Luxus Dog SPA egy \u00faj, innovat\u00edv szolg\u00e1ltat\u00e1si ir\u00e1ny a kutyakozmetika vil\u00e1g\u00e1ban, amely lehet\u0151s\u00e9get ad arra, hogy vend\u00e9geidnek t\u00f6bbet ny\u00fajts az alapkozmetik\u00e1n\u00e1l \u2013 val\u00f3di wellness \u00e9lm\u00e9nyt kuty\u00e1knak.<\/p><p>Ez az egynapos elm\u00e9leti \u00e9s gyakorlati k\u00e9pz\u00e9s azoknak a kutyakozmetikusoknak sz\u00f3l, akik szeretn\u00e9nek kiemelkedni a piacon, pr\u00e9mium szolg\u00e1ltat\u00e1sokat bevezetni, \u00e9s exkluz\u00edv SPA kezel\u00e9sekkel b\u0151v\u00edteni szalonjuk k\u00edn\u00e1lat\u00e1t.<\/p>\t\t\t\t\t\t\t\t<\/div>\n\t\t\t\t\t<\/div>\n\t\t\t\t<\/div>\n\t\t<div class=\"elementor-element elementor-element-54bc8af e-flex e-con-boxed e-con e-parent\" data-id=\"54bc8af\" data-element_type=\"container\" data-settings=\"{&quot;background_background&quot;:&quot;classic&quot;}\">\n\t\t\t\t\t<div class=\"e-con-inner\">\n\t\t<div class=\"elementor-element elementor-element-2419a96 e-con-full e-flex e-con e-child\" data-id=\"2419a96\" data-element_type=\"container\">\n\t\t<div class=\"elementor-element elementor-element-57449a6 e-con-full e-flex e-con e-child\" data-id=\"57449a6\" data-element_type=\"container\">\n\t\t<div class=\"elementor-element elementor-element-9c18d4d e-con-full e-flex e-con e-child\" data-id=\"9c18d4d\" data-element_type=\"container\">\n\t\t\t\t<div class=\"elementor-element elementor-element-26c411d elementor-invisible elementor-widget elementor-widget-heading\" data-id=\"26c411d\" data-element_type=\"widget\" data-settings=\"{&quot;_animation&quot;:&quot;zoomIn&quot;}\" data-widget_type=\"heading.default\">\n\t\t\t\t\t<h5 class=\"elementor-heading-title elementor-size-default\">A k\u00e9pz\u00e9s sor\u00e1n megismered \u00e9s gyakorlatban is elsaj\u00e1t\u00edtod:<\/h5>\t\t\t\t<\/div>\n\t\t\t\t<\/div>\n\t\t\t\t<div class=\"elementor-element elementor-element-ec21d4d elementor-invisible elementor-widget elementor-widget-text-editor\" data-id=\"ec21d4d\" data-element_type=\"widget\" data-settings=\"{&quot;_animation&quot;:&quot;zoomIn&quot;}\" data-widget_type=\"text-editor.default\">\n\t\t\t\t\t\t\t\t\t<div id=\":13j\" class=\"ii gt\">\n<div id=\":13k\" class=\"a3s aiL\">\n<div id=\"avWBGd-352\">\n<p><b>B.O.B technol\u00f3gi\u00e1s hidromassz\u00e1zs k\u00e1d haszn\u00e1lata<\/b><\/p>\n<p>\u2022 \u00f3zonos f\u00fcrdet\u00e9s<\/p>\n<p>\u2022 mikrobubor\u00e9k \/ nanobubor\u00e9k \/ tejbubor\u00e9k technol\u00f3gia<\/p>\n<p>\u2022 izomlaz\u00edt\u00f3, b\u0151r- \u00e9s sz\u0151rmin\u0151s\u00e9g-jav\u00edt\u00f3 hat\u00e1sok<\/p>\n<\/div>\n<\/div>\n<\/div>\t\t\t\t\t\t\t\t<\/div>\n\t\t<div class=\"elementor-element elementor-element-8e6570b e-con-full e-flex e-con e-child\" data-id=\"8e6570b\" data-element_type=\"container\">\n\t\t\t\t<div class=\"elementor-element elementor-element-df0524d elementor-invisible elementor-widget elementor-widget-text-editor\" data-id=\"df0524d\" data-element_type=\"widget\" data-settings=\"{&quot;_animation&quot;:&quot;zoomIn&quot;}\" data-widget_type=\"text-editor.default\">\n\t\t\t\t\t\t\t\t\t<p><b>&nbsp;F\u00e9nyter\u00e1pia (kromoter\u00e1pia)<\/b><\/p>\n<ul>\n<li>sz\u00ednek hat\u00e1sa a kuty\u00e1k idegrendszer\u00e9re, b\u0151r\u00e9re, k\u00f6z\u00e9rzet\u00e9re<\/li>\n<li>mikor, melyik sz\u00ednt \u00e9s milyen c\u00e9llal alkalmazzuk<\/li>\n<\/ul>\n<p><b>Jap\u00e1n z\u00f6ldter\u00e1pia<\/b><\/p><p><b><br><\/b><\/p>\n<p><b>G\u0151zter\u00e1pia<\/b><\/p>\n<ul>\n<li>b\u0151rprobl\u00e9m\u00e1k, sz\u0151rmin\u0151s\u00e9g jav\u00edt\u00e1sa<\/li>\n<li>hidrat\u00e1l\u00e1s, m\u00e9lytiszt\u00edt\u00e1s, hat\u00f3anyag-bevitel fokoz\u00e1sa<\/li>\n<\/ul>\t\t\t\t\t\t\t\t<\/div>\n\t\t\t\t<\/div>\n\t\t\t\t<\/div>\n\t\t\t\t<\/div>\n\t\t<div class=\"elementor-element elementor-element-1e1c187 e-con-full e-flex elementor-invisible e-con e-child\" data-id=\"1e1c187\" data-element_type=\"container\" data-settings=\"{&quot;animation&quot;:&quot;bounceIn&quot;}\">\n\t\t\t\t<div class=\"elementor-element elementor-element-cc93d15 elementor-invisible elementor-widget elementor-widget-image\" data-id=\"cc93d15\" data-element_type=\"widget\" data-settings=\"{&quot;_animation&quot;:&quot;bounceInDown&quot;}\" data-widget_type=\"image.default\">\n\t\t\t\t\t\t\t\t\t\t\t\t\t\t\t<img decoding=\"async\" src=\"https:\/\/bmacademy.hu\/wp-content\/uploads\/elementor\/thumbs\/IMG_2867-3-rjjc3zbanjvbxgpowd537zgxn9jwijq6v7ysqazszc.jpeg\" title=\"IMG_2867\" alt=\"IMG_2867\" loading=\"lazy\" \/>\t\t\t\t\t\t\t\t\t\t\t\t\t\t\t<\/div>\n\t\t\t\t<\/div>\n\t\t\t\t\t<\/div>\n\t\t\t\t<\/div>\n\t\t<div class=\"elementor-element elementor-element-36d65e7 e-flex e-con-boxed e-con e-parent\" data-id=\"36d65e7\" data-element_type=\"container\" data-settings=\"{&quot;background_background&quot;:&quot;slideshow&quot;,&quot;background_slideshow_gallery&quot;:[],&quot;background_slideshow_loop&quot;:&quot;yes&quot;,&quot;background_slideshow_slide_duration&quot;:5000,&quot;background_slideshow_slide_transition&quot;:&quot;fade&quot;,&quot;background_slideshow_transition_duration&quot;:500}\">\n\t\t\t\t\t<div class=\"e-con-inner\">\n\t\t<div class=\"elementor-element elementor-element-57fa83b e-con-full e-flex elementor-invisible e-con e-child\" data-id=\"57fa83b\" data-element_type=\"container\" data-settings=\"{&quot;background_background&quot;:&quot;classic&quot;,&quot;animation&quot;:&quot;bounceIn&quot;}\">\n\t\t\t\t<div class=\"elementor-element elementor-element-1870f4b elementor-invisible elementor-widget elementor-widget-heading\" data-id=\"1870f4b\" data-element_type=\"widget\" data-settings=\"{&quot;_animation&quot;:&quot;zoomIn&quot;}\" data-widget_type=\"heading.default\">\n\t\t\t\t\t<h3 class=\"elementor-heading-title elementor-size-default\">A k\u00e9pz\u00e9s tartalma:<\/h3>\t\t\t\t<\/div>\n\t\t<div class=\"elementor-element elementor-element-3f48455 e-con-full e-flex e-con e-child\" data-id=\"3f48455\" data-element_type=\"container\">\n\t\t\t\t<div class=\"elementor-element elementor-element-691bc68 elementor-invisible elementor-widget elementor-widget-text-editor\" data-id=\"691bc68\" data-element_type=\"widget\" data-settings=\"{&quot;_animation&quot;:&quot;zoomIn&quot;}\" data-widget_type=\"text-editor.default\">\n\t\t\t\t\t\t\t\t\t<p>\u2022 SPA kezel\u00e9sek helyes sorrendje \u00e9s protokolljai<\/p><p>\u2022 indik\u00e1ci\u00f3k: mikor, melyik kezel\u00e9s aj\u00e1nlott<\/p><p>\u2022 biztons\u00e1gos haszn\u00e1lat, ellenjavallatok<\/p><p>\u2022 hogyan \u00e9p\u00edtsd be a szolg\u00e1ltat\u00e1st a szalonodba<\/p><p>\u2022 hogyan \u00e9rt\u00e9kes\u00edtsd pr\u00e9mium csomagk\u00e9nt<\/p>\t\t\t\t\t\t\t\t<\/div>\n\t\t\t\t<\/div>\n\t\t\t\t<div class=\"elementor-element elementor-element-ece5a0d elementor-invisible elementor-widget elementor-widget-heading\" data-id=\"ece5a0d\" data-element_type=\"widget\" data-settings=\"{&quot;_animation&quot;:&quot;zoomIn&quot;}\" data-widget_type=\"heading.default\">\n\t\t\t\t\t<h3 class=\"elementor-heading-title elementor-size-default\">Kinek aj\u00e1nljuk?<\/h3>\t\t\t\t<\/div>\n\t\t<div class=\"elementor-element elementor-element-9ca76ab e-con-full e-flex e-con e-child\" data-id=\"9ca76ab\" data-element_type=\"container\">\n\t\t<div class=\"elementor-element elementor-element-54ac6d6 e-con-full e-flex e-con e-child\" data-id=\"54ac6d6\" data-element_type=\"container\">\n\t\t\t\t<div class=\"elementor-element elementor-element-3b8cd28 elementor-invisible elementor-widget elementor-widget-text-editor\" data-id=\"3b8cd28\" data-element_type=\"widget\" data-settings=\"{&quot;_animation&quot;:&quot;zoomIn&quot;}\" data-widget_type=\"text-editor.default\">\n\t\t\t\t\t\t\t\t\t<p>Minden kutyakozmetikusnak, aki szeretne kit\u0171nni a t\u00f6megb\u0151l, magasabb szintre emelni szalonja szolg\u00e1ltat\u00e1sait, \u00e9s val\u00f3di Luxus Dog SPA \u00e9lm\u00e9nyt ny\u00fajtani vend\u00e9geinek.<\/p><p>\u00a0A k\u00e9pz\u00e9s v\u00e9g\u00e9n tan\u00fas\u00edtv\u00e1nyt biztos\u00edtunk.<\/p><div class=\"yj6qo\"><strong>Oktat\u00f3: Megyesi Beatrix<\/strong><\/div>\t\t\t\t\t\t\t\t<\/div>\n\t\t\t\t<\/div>\n\t\t\t\t<\/div>\n\t\t\t\t<\/div>\n\t\t<div class=\"elementor-element elementor-element-4ad24fc e-con-full e-flex e-con e-child\" data-id=\"4ad24fc\" data-element_type=\"container\">\n\t\t<div class=\"elementor-element elementor-element-85b2e20 e-con-full e-flex elementor-invisible e-con e-child\" data-id=\"85b2e20\" data-element_type=\"container\" data-settings=\"{&quot;animation&quot;:&quot;bounceIn&quot;}\">\n\t\t\t\t<div class=\"elementor-element elementor-element-6b20391 elementor-widget elementor-widget-image\" data-id=\"6b20391\" data-element_type=\"widget\" data-widget_type=\"image.default\">\n\t\t\t\t\t\t\t\t\t\t\t\t\t\t\t<img decoding=\"async\" src=\"https:\/\/bmacademy.hu\/wp-content\/uploads\/elementor\/thumbs\/ChatGPT-Image-2026.-febr.-11.-12_19_15-1-rjjbtavb0b920y8498yoe6heoo6s2cbz2d57g4tto8.png\" title=\"ChatGPT Image 2026. febr. 11. 12_19_15\" alt=\"ChatGPT Image 2026. febr. 11. 12_19_15\" loading=\"lazy\" \/>\t\t\t\t\t\t\t\t\t\t\t\t\t\t\t<\/div>\n\t\t\t\t<\/div>\n\t\t\t\t<\/div>\n\t\t\t\t\t<\/div>\n\t\t\t\t<\/div>\n\t\t<div class=\"elementor-element elementor-element-4539d6a e-flex e-con-boxed e-con e-parent\" data-id=\"4539d6a\" data-element_type=\"container\" data-settings=\"{&quot;background_background&quot;:&quot;classic&quot;}\">\n\t\t\t\t\t<div class=\"e-con-inner\">\n\t\t<div class=\"elementor-element elementor-element-ee87d5e e-con-full e-flex elementor-invisible e-con e-child\" data-id=\"ee87d5e\" data-element_type=\"container\" data-settings=\"{&quot;animation&quot;:&quot;bounceIn&quot;}\">\n\t\t\t\t<div class=\"elementor-element elementor-element-0508e22 elementor-invisible elementor-widget elementor-widget-heading\" data-id=\"0508e22\" data-element_type=\"widget\" data-settings=\"{&quot;_animation&quot;:&quot;zoomIn&quot;}\" data-widget_type=\"heading.default\">\n\t\t\t\t\t<h2 class=\"elementor-heading-title elementor-size-default\">Jelentkezz kurzusainkra!<\/h2>\t\t\t\t<\/div>\n\t\t\t\t<div class=\"elementor-element elementor-element-44cc117 elementor-widget__width-initial elementor-widget-mobile__width-initial elementor-invisible elementor-widget elementor-widget-shortcode\" data-id=\"44cc117\" data-element_type=\"widget\" data-settings=\"{&quot;_animation&quot;:&quot;zoomIn&quot;}\" data-widget_type=\"shortcode.default\">\n\t\t\t\t\t\t\t<div class=\"elementor-shortcode\"><div class=\"forminator-ui forminator-custom-form forminator-custom-form-572 forminator-design--default  forminator_ajax\" data-forminator-render=\"0\" data-form=\"forminator-module-572\" data-uid=\"6a08772c7d3b2\"><br\/><\/div><form\n\t\t\t\tid=\"forminator-module-572\"\n\t\t\t\tclass=\"forminator-ui forminator-custom-form forminator-custom-form-572 forminator-design--default  forminator_ajax\"\n\t\t\t\tmethod=\"post\"\n\t\t\t\tdata-forminator-render=\"0\"\n\t\t\t\tdata-form-id=\"572\"\n\t\t\t\t data-color-option=\"theme\" data-design=\"default\" data-grid=\"open\" style=\"display: none;\"\n\t\t\t\tdata-uid=\"6a08772c7d3b2\"\n\t\t\t><div role=\"alert\" aria-live=\"polite\" class=\"forminator-response-message forminator-error\" aria-hidden=\"true\"><\/div><div class=\"forminator-row\"><div id=\"name-1\" class=\"forminator-field-name forminator-col forminator-col-12 \"><div class=\"forminator-field\"><label for=\"forminator-field-name-1_6a08772c7d3b2\" id=\"forminator-field-name-1_6a08772c7d3b2-label\" class=\"forminator-label\">N\u00e9v <span class=\"forminator-required\">*<\/span><\/label><input type=\"text\" name=\"name-1\" value=\"\" placeholder=\"\" id=\"forminator-field-name-1_6a08772c7d3b2\" class=\"forminator-input forminator-name--field\" aria-required=\"true\" autocomplete=\"name\" \/><\/div><\/div><\/div><div class=\"forminator-row\"><div id=\"email-1\" class=\"forminator-field-email forminator-col forminator-col-12 \"><div class=\"forminator-field\"><label for=\"forminator-field-email-1_6a08772c7d3b2\" id=\"forminator-field-email-1_6a08772c7d3b2-label\" class=\"forminator-label\">Email c\u00edm <span class=\"forminator-required\">*<\/span><\/label><input type=\"email\" name=\"email-1\" value=\"\" placeholder=\"\" id=\"forminator-field-email-1_6a08772c7d3b2\" class=\"forminator-input forminator-email--field\" data-required=\"true\" aria-required=\"true\" autocomplete=\"email\" \/><\/div><\/div><\/div><div class=\"forminator-row\"><div id=\"select-1\" class=\"forminator-field-select forminator-col forminator-col-12 \"><div class=\"forminator-field\"><label for=\"forminator-form-572__field--select-1_6a08772c7d3b2\" id=\"forminator-form-572__field--select-1_6a08772c7d3b2-label\" class=\"forminator-label\">Kurzusok <span class=\"forminator-required\">*<\/span><\/label><select  id=\"forminator-form-572__field--select-1_6a08772c7d3b2\" class=\"forminator-select--field forminator-select2 forminator-select2-multiple\" data-required=\"1\" name=\"select-1\" data-default-value=\"\" data-hidden-behavior=\"zero\" data-placeholder=\"V\u00e1lassz a kurzusaink k\u00f6z\u00fcl!\" data-search=\"false\" data-search-placeholder=\"V\u00e1lassz a kurzusaink k\u00f6z\u00fcl!\" data-checkbox=\"false\" data-allow-clear=\"false\" aria-labelledby=\"forminator-form-572__field--select-1_6a08772c7d3b2-label\"><option value=\"\"  >V\u00e1lassz a kurzusaink k\u00f6z\u00fcl!<\/option><option value=\"one\"  data-calculation=\"0\">Pomeranian Grooming Coursse<\/option><option value=\"two\"  data-calculation=\"0\">Poodle Show Grooming Course<\/option><option value=\"Asian-Style-Course\"  data-calculation=\"0\">Asian Style Course<\/option><option value=\"Model-Dog-Course\"  data-calculation=\"0\">Model Dog Course<\/option><option value=\"Creative-Coloring-Course\"  data-calculation=\"0\">Creative Coloring Course<\/option><option value=\"14-napos-kutyakozmetikus\"  data-calculation=\"0\">14 napos kutyakozmetikus k\u00e9pz\u00e9s<\/option><option value=\"Luxus-Dog-Spa\"  data-calculation=\"0\">Luxus Dog Spa Course<\/option><option value=\"Kutyakozmetikus-Asszisztens\"  data-calculation=\"0\">Kutyakozmetikus asszisztens<\/option><\/select><\/div><\/div><\/div><div class=\"forminator-row\"><div id=\"phone-1\" class=\"forminator-field-phone forminator-col forminator-col-12 \"><div class=\"forminator-field\"><label for=\"forminator-field-phone-1_6a08772c7d3b2\" id=\"forminator-field-phone-1_6a08772c7d3b2-label\" class=\"forminator-label\">Telefonsz\u00e1m <span class=\"forminator-required\">*<\/span><\/label><input type=\"text\" name=\"phone-1\" value=\"\" placeholder=\"\" id=\"forminator-field-phone-1_6a08772c7d3b2\" class=\"forminator-input forminator-field--phone\" data-required=\"1\" aria-required=\"true\" autocomplete=\"off\" \/><\/div><\/div><\/div><div class=\"forminator-row\"><div id=\"consent-1\" class=\"forminator-field-consent forminator-col forminator-col-12 \"><div class=\"forminator-field\"><label for=\"forminator-field-consent-1_6a08772c7d3b2\" id=\"forminator-field-consent-1_6a08772c7d3b2-label\" class=\"forminator-label\">\u00c9rdekel a k\u00e9pz\u00e9s, szeretn\u00e9k t\u00f6bb r\u00e9szletet megtudni. <span class=\"forminator-required\">*<\/span><\/label><div class=\"forminator-checkbox__wrapper\"><label id=\"forminator-field-consent-1_6a08772c7d3b2__label\" class=\"forminator-checkbox forminator-consent\" aria-labelledby=\"forminator-field-consent-1_6a08772c7d3b2-label\"><input type=\"checkbox\" name=\"consent-1\" id=\"forminator-field-consent-1_6a08772c7d3b2\" value=\"checked\" aria-labelledby=\"forminator-field-consent-1_6a08772c7d3b2-label\" data-required=\"true\" aria-required=\"true\" \/><span class=\"forminator-checkbox-box\" aria-hidden=\"true\"><\/span><\/label><div id=\"forminator-field-consent-1_6a08772c7d3b2__description\" class=\"forminator-checkbox__label forminator-consent__label\"><\/div><\/div><\/div><\/div><\/div><input type=\"hidden\" name=\"referer_url\" value=\"\" \/><div class=\"forminator-row forminator-row-last\"><div class=\"forminator-col\"><div class=\"forminator-field\"><button class=\"forminator-button forminator-button-submit\">K&uuml;ld&eacute;s<\/button><\/div><\/div><\/div><input type=\"hidden\" id=\"forminator_nonce\" name=\"forminator_nonce\" value=\"29da4e7343\" \/><input type=\"hidden\" name=\"_wp_http_referer\" value=\"\/index.php\/wp-json\/wp\/v2\/pages\/653\" \/><input type=\"hidden\" name=\"form_id\" value=\"572\"><input type=\"hidden\" name=\"page_id\" value=\"653\"><input type=\"hidden\" name=\"form_type\" value=\"default\"><input type=\"hidden\" name=\"current_url\" value=\"https:\/\/bmacademy.hu\/index.php\/luxus-dog-spa-course\/\"><input type=\"hidden\" name=\"render_id\" value=\"0\"><input type=\"hidden\" name=\"action\" value=\"forminator_submit_form_custom-forms\"><\/form><\/div>\n\t\t\t\t\t\t<\/div>\n\t\t\t\t<\/div>\n\t\t<div class=\"elementor-element elementor-element-e5b6d74 e-con-full e-flex e-con e-child\" data-id=\"e5b6d74\" data-element_type=\"container\">\n\t\t<div class=\"elementor-element elementor-element-bb03745 e-con-full e-flex elementor-invisible e-con e-child\" data-id=\"bb03745\" data-element_type=\"container\" data-settings=\"{&quot;animation&quot;:&quot;bounceIn&quot;}\">\n\t\t<div class=\"elementor-element elementor-element-97d155b e-con-full e-flex elementor-invisible e-con e-child\" data-id=\"97d155b\" data-element_type=\"container\" data-settings=\"{&quot;background_background&quot;:&quot;classic&quot;,&quot;animation&quot;:&quot;bounceInDown&quot;}\">\n\t\t<div class=\"elementor-element elementor-element-069c6c4 e-con-full e-flex e-con e-child\" data-id=\"069c6c4\" data-element_type=\"container\">\n\t\t\t\t<div class=\"elementor-element elementor-element-7bc3e60 elementor-widget elementor-widget-image\" data-id=\"7bc3e60\" data-element_type=\"widget\" data-widget_type=\"image.default\">\n\t\t\t\t\t\t\t\t\t\t\t\t\t\t\t<img fetchpriority=\"high\" decoding=\"async\" width=\"1024\" height=\"683\" src=\"https:\/\/bmacademy.hu\/wp-content\/uploads\/2026\/02\/Nevtelen-terv-5-1024x683.png\" class=\"attachment-large size-large wp-image-525\" alt=\"\" srcset=\"https:\/\/bmacademy.hu\/wp-content\/uploads\/2026\/02\/Nevtelen-terv-5-1024x683.png 1024w, https:\/\/bmacademy.hu\/wp-content\/uploads\/2026\/02\/Nevtelen-terv-5-300x200.png 300w, https:\/\/bmacademy.hu\/wp-content\/uploads\/2026\/02\/Nevtelen-terv-5-768x512.png 768w, https:\/\/bmacademy.hu\/wp-content\/uploads\/2026\/02\/Nevtelen-terv-5.png 1536w\" sizes=\"(max-width: 1024px) 100vw, 1024px\" \/>\t\t\t\t\t\t\t\t\t\t\t\t\t\t\t<\/div>\n\t\t\t\t<div class=\"elementor-element elementor-element-4ddbcba elementor-invisible elementor-widget elementor-widget-heading\" data-id=\"4ddbcba\" data-element_type=\"widget\" data-settings=\"{&quot;_animation&quot;:&quot;zoomIn&quot;}\" data-widget_type=\"heading.default\">\n\t\t\t\t\t<h2 class=\"elementor-heading-title elementor-size-default\">Tov\u00e1bbi kurzusaink<\/h2>\t\t\t\t<\/div>\n\t\t\t\t<div class=\"elementor-element elementor-element-873f66a elementor-align-center elementor-invisible elementor-widget elementor-widget-button\" data-id=\"873f66a\" data-element_type=\"widget\" data-settings=\"{&quot;_animation&quot;:&quot;zoomIn&quot;}\" data-widget_type=\"button.default\">\n\t\t\t\t\t\t\t\t\t\t<a class=\"elementor-button elementor-button-link elementor-size-sm\" href=\"https:\/\/bmacademy.hu\/index.php\/kurzusaink\/\">\n\t\t\t\t\t\t<span class=\"elementor-button-content-wrapper\">\n\t\t\t\t\t\t\t\t\t<span class=\"elementor-button-text\">Kurzusok megtekint\u00e9se<\/span>\n\t\t\t\t\t<\/span>\n\t\t\t\t\t<\/a>\n\t\t\t\t\t\t\t\t<\/div>\n\t\t\t\t<\/div>\n\t\t\t\t<\/div>\n\t\t\t\t<\/div>\n\t\t\t\t<\/div>\n\t\t\t\t\t<\/div>\n\t\t\t\t<\/div>\n\t\t\t\t<\/div>\n\t\t","protected":false},"excerpt":{"rendered":"<p>LUXUS DOG SPA 1 napos Pr\u00e9mium K\u00e9pz\u00e9s A Luxus Dog SPA egy \u00faj, innovat\u00edv szolg\u00e1ltat\u00e1si ir\u00e1ny a kutyakozmetika vil\u00e1g\u00e1ban, amely [&hellip;]<\/p>\n","protected":false},"author":1,"featured_media":0,"parent":0,"menu_order":0,"comment_status":"closed","ping_status":"closed","template":"","meta":{"site-sidebar-layout":"no-sidebar","site-content-layout":"","ast-site-content-layout":"full-width-container","site-content-style":"default","site-sidebar-style":"default","ast-global-header-display":"","ast-banner-title-visibility":"","ast-main-header-display":"","ast-hfb-above-header-display":"","ast-hfb-below-header-display":"","ast-hfb-mobile-header-display":"","site-post-title":"disabled","ast-breadcrumbs-content":"","ast-featured-img":"disabled","footer-sml-layout":"","ast-disable-related-posts":"","theme-transparent-header-meta":"","adv-header-id-meta":"","stick-header-meta":"","header-above-stick-meta":"","header-main-stick-meta":"","header-below-stick-meta":"","astra-migrate-meta-layouts":"default","ast-page-background-enabled":"default","ast-page-background-meta":{"desktop":{"background-color":"var(--ast-global-color-5)","background-image":"","background-repeat":"repeat","background-position":"center center","background-size":"auto","background-attachment":"scroll","background-type":"","background-media":"","overlay-type":"","overlay-color":"","overlay-opacity":"","overlay-gradient":""},"tablet":{"background-color":"","background-image":"","background-repeat":"repeat","background-position":"center center","background-size":"auto","background-attachment":"scroll","background-type":"","background-media":"","overlay-type":"","overlay-color":"","overlay-opacity":"","overlay-gradient":""},"mobile":{"background-color":"","background-image":"","background-repeat":"repeat","background-position":"center center","background-size":"auto","background-attachment":"scroll","background-type":"","background-media":"","overlay-type":"","overlay-color":"","overlay-opacity":"","overlay-gradient":""}},"ast-content-background-meta":{"desktop":{"background-color":"var(--ast-global-color-4)","background-image":"","background-repeat":"repeat","background-position":"center center","background-size":"auto","background-attachment":"scroll","background-type":"","background-media":"","overlay-type":"","overlay-color":"","overlay-opacity":"","overlay-gradient":""},"tablet":{"background-color":"var(--ast-global-color-4)","background-image":"","background-repeat":"repeat","background-position":"center center","background-size":"auto","background-attachment":"scroll","background-type":"","background-media":"","overlay-type":"","overlay-color":"","overlay-opacity":"","overlay-gradient":""},"mobile":{"background-color":"var(--ast-global-color-4)","background-image":"","background-repeat":"repeat","background-position":"center center","background-size":"auto","background-attachment":"scroll","background-type":"","background-media":"","overlay-type":"","overlay-color":"","overlay-opacity":"","overlay-gradient":""}},"footnotes":""},"class_list":["post-653","page","type-page","status-publish","hentry"],"_links":{"self":[{"href":"https:\/\/bmacademy.hu\/index.php\/wp-json\/wp\/v2\/pages\/653","targetHints":{"allow":["GET"]}}],"collection":[{"href":"https:\/\/bmacademy.hu\/index.php\/wp-json\/wp\/v2\/pages"}],"about":[{"href":"https:\/\/bmacademy.hu\/index.php\/wp-json\/wp\/v2\/types\/page"}],"author":[{"embeddable":true,"href":"https:\/\/bmacademy.hu\/index.php\/wp-json\/wp\/v2\/users\/1"}],"replies":[{"embeddable":true,"href":"https:\/\/bmacademy.hu\/index.php\/wp-json\/wp\/v2\/comments?post=653"}],"version-history":[{"count":147,"href":"https:\/\/bmacademy.hu\/index.php\/wp-json\/wp\/v2\/pages\/653\/revisions"}],"predecessor-version":[{"id":1231,"href":"https:\/\/bmacademy.hu\/index.php\/wp-json\/wp\/v2\/pages\/653\/revisions\/1231"}],"wp:attachment":[{"href":"https:\/\/bmacademy.hu\/index.php\/wp-json\/wp\/v2\/media?parent=653"}],"curies":[{"name":"wp","href":"https:\/\/api.w.org\/{rel}","templated":true}]}}